{"id":963,"date":"2019-01-09T16:41:09","date_gmt":"2019-01-09T16:41:09","guid":{"rendered":"https:\/\/milletplastics.us\/?page_id=963"},"modified":"2026-02-02T14:47:24","modified_gmt":"2026-02-02T18:47:24","slug":"a-propos-millet-plastique-canada","status":"publish","type":"page","link":"https:\/\/milletplastics.us\/fr\/a-propos-millet-plastique-canada\/","title":{"rendered":"Millet Plastique Canada"},"content":{"rendered":"<p class=\"p1\">S\u2019ajoutant aux <span class=\"s1\"><a href=\"https:\/\/milletplastics.us\/a-propos-millet-plastique-canada\/implantations-sites-millet-plastics-group\/\">neuf sites et implantations \u00e0 travers le monde<\/a>,<\/span> la toute derni\u00e8re usine du groupe Millet, situ\u00e9e \u00e0 Granby (Qu\u00e9bec, Canada) est entr\u00e9e en activit\u00e9s en janvier 2019.<\/p>\n<p>Situ\u00e9e \u00e0 seulement 80 km de Montr\u00e9al, cette premi\u00e8re usine canadienne b\u00e9n\u00e9ficie d&rsquo;une localisation strat\u00e9gique, et permet d\u2019acc\u00e9der directement \u00e0 l\u2019autoroute 10 et rapidement\u00a0\u00e0 l\u2019autoroute 20.<\/p>\n<p>Millet Plastique Canada a choisi Granby pour son dynamisme industriel, misant sur la diversit\u00e9 et l&rsquo;innovation. Le r\u00e9seau et la main-d&rsquo;\u0153uvre y sont qualifi\u00e9s, particuli\u00e8rement dans les technologies de transformation des mati\u00e8res plastiques, ce qui en fait un p\u00f4le d\u2019affaires privil\u00e9gi\u00e9 pour l&rsquo;entreprise. Enfin, cette usine est positionn\u00e9e au c\u0153ur du territoire agricole, ce qui en fait la r\u00e9gion la plus dynamique en transformation alimentaire.<\/p>\n","protected":false},"excerpt":{"rendered":"<p>S\u2019ajoutant aux neuf sites et implantations \u00e0 travers le monde, la toute derni\u00e8re usine du groupe Millet, situ\u00e9e \u00e0 Granby (Qu\u00e9bec, Canada) est entr\u00e9e en activit\u00e9s en janvier 2019. Situ\u00e9e \u00e0 seulement 80 km de Montr\u00e9al, cette premi\u00e8re usine canadienne b\u00e9n\u00e9ficie d&rsquo;une localisation strat\u00e9gique, et permet d\u2019acc\u00e9der directement \u00e0 l\u2019autoroute 10 et rapidement\u00a0\u00e0 l\u2019autoroute 20. [&hellip;]<\/p>\n","protected":false},"author":5,"featured_media":0,"parent":0,"menu_order":0,"comment_status":"closed","ping_status":"closed","template":"","meta":{"_acf_changed":false,"site-sidebar-layout":"default","site-content-layout":"","ast-site-content-layout":"default","site-content-style":"default","site-sidebar-style":"default","ast-global-header-display":"","ast-banner-title-visibility":"","ast-main-header-display":"","ast-hfb-above-header-display":"","ast-hfb-below-header-display":"","ast-hfb-mobile-header-display":"","site-post-title":"","ast-breadcrumbs-content":"","ast-featured-img":"","footer-sml-layout":"","ast-disable-related-posts":"","theme-transparent-header-meta":"","adv-header-id-meta":"","stick-header-meta":"","header-above-stick-meta":"","header-main-stick-meta":"","header-below-stick-meta":"","astra-migrate-meta-layouts":"default","ast-page-background-enabled":"default","ast-page-background-meta":{"desktop":{"background-color":"var(--ast-global-color-4)","background-image":"","background-repeat":"repeat","background-position":"center center","background-size":"auto","background-attachment":"scroll","background-type":"","background-media":"","overlay-type":"","overlay-color":"","overlay-opacity":"","overlay-gradient":""},"tablet":{"background-color":"","background-image":"","background-repeat":"repeat","background-position":"center center","background-size":"auto","background-attachment":"scroll","background-type":"","background-media":"","overlay-type":"","overlay-color":"","overlay-opacity":"","overlay-gradient":""},"mobile":{"background-color":"","background-image":"","background-repeat":"repeat","background-position":"center center","background-size":"auto","background-attachment":"scroll","background-type":"","background-media":"","overlay-type":"","overlay-color":"","overlay-opacity":"","overlay-gradient":""}},"ast-content-background-meta":{"desktop":{"background-color":"var(--ast-global-color-5)","background-image":"","background-repeat":"repeat","background-position":"center center","background-size":"auto","background-attachment":"scroll","background-type":"","background-media":"","overlay-type":"","overlay-color":"","overlay-opacity":"","overlay-gradient":""},"tablet":{"background-color":"var(--ast-global-color-5)","background-image":"","background-repeat":"repeat","background-position":"center center","background-size":"auto","background-attachment":"scroll","background-type":"","background-media":"","overlay-type":"","overlay-color":"","overlay-opacity":"","overlay-gradient":""},"mobile":{"background-color":"var(--ast-global-color-5)","background-image":"","background-repeat":"repeat","background-position":"center center","background-size":"auto","background-attachment":"scroll","background-type":"","background-media":"","overlay-type":"","overlay-color":"","overlay-opacity":"","overlay-gradient":""}},"footnotes":""},"class_list":["post-963","page","type-page","status-publish","hentry"],"acf":[],"yoast_head":"<!-- This site is optimized with the Yoast SEO plugin v27.4 - https:\/\/yoast.com\/product\/yoast-seo-wordpress\/ -->\n<title>Millet Plastique Canada - Millet Plastics Inc<\/title>\n<meta name=\"robots\" content=\"index, follow, max-snippet:-1, max-image-preview:large, max-video-preview:-1\" \/>\n<link rel=\"canonical\" href=\"https:\/\/milletplastics.us\/fr\/a-propos-millet-plastique-canada\/\" \/>\n<meta property=\"og:locale\" content=\"fr_FR\" \/>\n<meta property=\"og:type\" content=\"article\" \/>\n<meta property=\"og:title\" content=\"Millet Plastique Canada - Millet Plastics Inc\" \/>\n<meta property=\"og:description\" content=\"S\u2019ajoutant aux neuf sites et implantations \u00e0 travers le monde, la toute derni\u00e8re usine du groupe Millet, situ\u00e9e \u00e0 Granby (Qu\u00e9bec, Canada) est entr\u00e9e en activit\u00e9s en janvier 2019. Situ\u00e9e \u00e0 seulement 80 km de Montr\u00e9al, cette premi\u00e8re usine canadienne b\u00e9n\u00e9ficie d&rsquo;une localisation strat\u00e9gique, et permet d\u2019acc\u00e9der directement \u00e0 l\u2019autoroute 10 et rapidement\u00a0\u00e0 l\u2019autoroute 20. [&hellip;]\" \/>\n<meta property=\"og:url\" content=\"https:\/\/milletplastics.us\/fr\/a-propos-millet-plastique-canada\/\" \/>\n<meta property=\"og:site_name\" content=\"Millet Plastics Inc\" \/>\n<meta property=\"article:modified_time\" content=\"2026-02-02T18:47:24+00:00\" \/>\n<meta name=\"twitter:card\" content=\"summary_large_image\" \/>\n<meta name=\"twitter:label1\" content=\"Dur\u00e9e de lecture estim\u00e9e\" \/>\n\t<meta name=\"twitter:data1\" content=\"1 minute\" \/>\n<script type=\"application\/ld+json\" class=\"yoast-schema-graph\">{\"@context\":\"https:\\\/\\\/schema.org\",\"@graph\":[{\"@type\":\"WebPage\",\"@id\":\"https:\\\/\\\/milletplastics.us\\\/fr\\\/a-propos-millet-plastique-canada\\\/\",\"url\":\"https:\\\/\\\/milletplastics.us\\\/fr\\\/a-propos-millet-plastique-canada\\\/\",\"name\":\"Millet Plastique Canada - Millet Plastics Inc\",\"isPartOf\":{\"@id\":\"https:\\\/\\\/milletplastics.us\\\/#website\"},\"datePublished\":\"2019-01-09T16:41:09+00:00\",\"dateModified\":\"2026-02-02T18:47:24+00:00\",\"breadcrumb\":{\"@id\":\"https:\\\/\\\/milletplastics.us\\\/fr\\\/a-propos-millet-plastique-canada\\\/#breadcrumb\"},\"inLanguage\":\"fr-FR\",\"potentialAction\":[{\"@type\":\"ReadAction\",\"target\":[\"https:\\\/\\\/milletplastics.us\\\/fr\\\/a-propos-millet-plastique-canada\\\/\"]}]},{\"@type\":\"BreadcrumbList\",\"@id\":\"https:\\\/\\\/milletplastics.us\\\/fr\\\/a-propos-millet-plastique-canada\\\/#breadcrumb\",\"itemListElement\":[{\"@type\":\"ListItem\",\"position\":1,\"name\":\"Accueil\",\"item\":\"https:\\\/\\\/milletplastics.us\\\/fr\\\/\"},{\"@type\":\"ListItem\",\"position\":2,\"name\":\"Millet Plastique Canada\"}]},{\"@type\":\"WebSite\",\"@id\":\"https:\\\/\\\/milletplastics.us\\\/#website\",\"url\":\"https:\\\/\\\/milletplastics.us\\\/\",\"name\":\"Millet Plastics Inc\",\"description\":\"Millet Plastics Inc\",\"potentialAction\":[{\"@type\":\"SearchAction\",\"target\":{\"@type\":\"EntryPoint\",\"urlTemplate\":\"https:\\\/\\\/milletplastics.us\\\/?s={search_term_string}\"},\"query-input\":{\"@type\":\"PropertyValueSpecification\",\"valueRequired\":true,\"valueName\":\"search_term_string\"}}],\"inLanguage\":\"fr-FR\"}]}<\/script>\n<!-- \/ Yoast SEO plugin. -->","yoast_head_json":{"title":"Millet Plastique Canada - Millet Plastics Inc","robots":{"index":"index","follow":"follow","max-snippet":"max-snippet:-1","max-image-preview":"max-image-preview:large","max-video-preview":"max-video-preview:-1"},"canonical":"https:\/\/milletplastics.us\/fr\/a-propos-millet-plastique-canada\/","og_locale":"fr_FR","og_type":"article","og_title":"Millet Plastique Canada - Millet Plastics Inc","og_description":"S\u2019ajoutant aux neuf sites et implantations \u00e0 travers le monde, la toute derni\u00e8re usine du groupe Millet, situ\u00e9e \u00e0 Granby (Qu\u00e9bec, Canada) est entr\u00e9e en activit\u00e9s en janvier 2019. Situ\u00e9e \u00e0 seulement 80 km de Montr\u00e9al, cette premi\u00e8re usine canadienne b\u00e9n\u00e9ficie d&rsquo;une localisation strat\u00e9gique, et permet d\u2019acc\u00e9der directement \u00e0 l\u2019autoroute 10 et rapidement\u00a0\u00e0 l\u2019autoroute 20. [&hellip;]","og_url":"https:\/\/milletplastics.us\/fr\/a-propos-millet-plastique-canada\/","og_site_name":"Millet Plastics Inc","article_modified_time":"2026-02-02T18:47:24+00:00","twitter_card":"summary_large_image","twitter_misc":{"Dur\u00e9e de lecture estim\u00e9e":"1 minute"},"schema":{"@context":"https:\/\/schema.org","@graph":[{"@type":"WebPage","@id":"https:\/\/milletplastics.us\/fr\/a-propos-millet-plastique-canada\/","url":"https:\/\/milletplastics.us\/fr\/a-propos-millet-plastique-canada\/","name":"Millet Plastique Canada - Millet Plastics Inc","isPartOf":{"@id":"https:\/\/milletplastics.us\/#website"},"datePublished":"2019-01-09T16:41:09+00:00","dateModified":"2026-02-02T18:47:24+00:00","breadcrumb":{"@id":"https:\/\/milletplastics.us\/fr\/a-propos-millet-plastique-canada\/#breadcrumb"},"inLanguage":"fr-FR","potentialAction":[{"@type":"ReadAction","target":["https:\/\/milletplastics.us\/fr\/a-propos-millet-plastique-canada\/"]}]},{"@type":"BreadcrumbList","@id":"https:\/\/milletplastics.us\/fr\/a-propos-millet-plastique-canada\/#breadcrumb","itemListElement":[{"@type":"ListItem","position":1,"name":"Accueil","item":"https:\/\/milletplastics.us\/fr\/"},{"@type":"ListItem","position":2,"name":"Millet Plastique Canada"}]},{"@type":"WebSite","@id":"https:\/\/milletplastics.us\/#website","url":"https:\/\/milletplastics.us\/","name":"Millet Plastics Inc","description":"Millet Plastics Inc","potentialAction":[{"@type":"SearchAction","target":{"@type":"EntryPoint","urlTemplate":"https:\/\/milletplastics.us\/?s={search_term_string}"},"query-input":{"@type":"PropertyValueSpecification","valueRequired":true,"valueName":"search_term_string"}}],"inLanguage":"fr-FR"}]}},"_links":{"self":[{"href":"https:\/\/milletplastics.us\/fr\/wp-json\/wp\/v2\/pages\/963","targetHints":{"allow":["GET"]}}],"collection":[{"href":"https:\/\/milletplastics.us\/fr\/wp-json\/wp\/v2\/pages"}],"about":[{"href":"https:\/\/milletplastics.us\/fr\/wp-json\/wp\/v2\/types\/page"}],"author":[{"embeddable":true,"href":"https:\/\/milletplastics.us\/fr\/wp-json\/wp\/v2\/users\/5"}],"replies":[{"embeddable":true,"href":"https:\/\/milletplastics.us\/fr\/wp-json\/wp\/v2\/comments?post=963"}],"version-history":[{"count":1,"href":"https:\/\/milletplastics.us\/fr\/wp-json\/wp\/v2\/pages\/963\/revisions"}],"predecessor-version":[{"id":7192,"href":"https:\/\/milletplastics.us\/fr\/wp-json\/wp\/v2\/pages\/963\/revisions\/7192"}],"wp:attachment":[{"href":"https:\/\/milletplastics.us\/fr\/wp-json\/wp\/v2\/media?parent=963"}],"curies":[{"name":"wp","href":"https:\/\/api.w.org\/{rel}","templated":true}]}}