{"id":909,"date":"2018-12-21T15:36:06","date_gmt":"2018-12-21T15:36:06","guid":{"rendered":"https:\/\/milletplastics.us\/?page_id=909"},"modified":"2026-02-02T14:47:23","modified_gmt":"2026-02-02T18:47:23","slug":"culture-eco-responsable","status":"publish","type":"page","link":"https:\/\/milletplastics.us\/fr\/culture-eco-responsable\/","title":{"rendered":"Culture \u00e9coresponsable"},"content":{"rendered":"<p>\u00c0 titre d\u2019acteur majeur dans la fabrication de contenants en mati\u00e8re plastique, <a href=\"http:\/\/www.milletplastics-group.com\/engagements\/developpement-durable\/\" target=\"_blank\" rel=\"noopener noreferrer\">Millet Plastics Group<\/a> compte r\u00e9pondre intelligemment aux besoins, tout en contribuant de mani\u00e8re toujours plus positive \u00e0 la probl\u00e9matique de l\u2019empreinte environnementale. Ainsi, les enjeux li\u00e9s aux mati\u00e8res plastiques demeurent au c\u0153ur de nos pr\u00e9occupations.<\/p>\n<h5>Cela est d\u2019abord possible gr\u00e2ce \u00e0 :<\/h5>\n<ul>\n<li>nos pratiques d\u2019affaires responsables;<\/li>\n<li>notre implication aupr\u00e8s des acteurs du secteur pour \u00eatre au fait des \u00e9volutions en mati\u00e8re d\u2019engagement durable;<\/li>\n<li>l\u2019interaction avec les communaut\u00e9s locales;<\/li>\n<li>l\u2019\u00e9ducation quant aux habitudes de gestion des mati\u00e8res r\u00e9siduelles.<\/li>\n<\/ul>\n","protected":false},"excerpt":{"rendered":"<p>\u00c0 titre d\u2019acteur majeur dans la fabrication de contenants en mati\u00e8re plastique, Millet Plastics Group compte r\u00e9pondre intelligemment aux besoins, tout en contribuant de mani\u00e8re toujours plus positive \u00e0 la probl\u00e9matique de l\u2019empreinte environnementale. Ainsi, les enjeux li\u00e9s aux mati\u00e8res plastiques demeurent au c\u0153ur de nos pr\u00e9occupations. Cela est d\u2019abord possible gr\u00e2ce \u00e0 : nos [&hellip;]<\/p>\n","protected":false},"author":5,"featured_media":1051,"parent":0,"menu_order":0,"comment_status":"closed","ping_status":"closed","template":"","meta":{"_acf_changed":false,"site-sidebar-layout":"default","site-content-layout":"","ast-site-content-layout":"default","site-content-style":"default","site-sidebar-style":"default","ast-global-header-display":"","ast-banner-title-visibility":"","ast-main-header-display":"","ast-hfb-above-header-display":"","ast-hfb-below-header-display":"","ast-hfb-mobile-header-display":"","site-post-title":"","ast-breadcrumbs-content":"","ast-featured-img":"","footer-sml-layout":"","ast-disable-related-posts":"","theme-transparent-header-meta":"","adv-header-id-meta":"","stick-header-meta":"","header-above-stick-meta":"","header-main-stick-meta":"","header-below-stick-meta":"","astra-migrate-meta-layouts":"default","ast-page-background-enabled":"default","ast-page-background-meta":{"desktop":{"background-color":"var(--ast-global-color-4)","background-image":"","background-repeat":"repeat","background-position":"center center","background-size":"auto","background-attachment":"scroll","background-type":"","background-media":"","overlay-type":"","overlay-color":"","overlay-opacity":"","overlay-gradient":""},"tablet":{"background-color":"","background-image":"","background-repeat":"repeat","background-position":"center center","background-size":"auto","background-attachment":"scroll","background-type":"","background-media":"","overlay-type":"","overlay-color":"","overlay-opacity":"","overlay-gradient":""},"mobile":{"background-color":"","background-image":"","background-repeat":"repeat","background-position":"center center","background-size":"auto","background-attachment":"scroll","background-type":"","background-media":"","overlay-type":"","overlay-color":"","overlay-opacity":"","overlay-gradient":""}},"ast-content-background-meta":{"desktop":{"background-color":"var(--ast-global-color-5)","background-image":"","background-repeat":"repeat","background-position":"center center","background-size":"auto","background-attachment":"scroll","background-type":"","background-media":"","overlay-type":"","overlay-color":"","overlay-opacity":"","overlay-gradient":""},"tablet":{"background-color":"var(--ast-global-color-5)","background-image":"","background-repeat":"repeat","background-position":"center center","background-size":"auto","background-attachment":"scroll","background-type":"","background-media":"","overlay-type":"","overlay-color":"","overlay-opacity":"","overlay-gradient":""},"mobile":{"background-color":"var(--ast-global-color-5)","background-image":"","background-repeat":"repeat","background-position":"center center","background-size":"auto","background-attachment":"scroll","background-type":"","background-media":"","overlay-type":"","overlay-color":"","overlay-opacity":"","overlay-gradient":""}},"footnotes":""},"class_list":["post-909","page","type-page","status-publish","has-post-thumbnail","hentry"],"acf":[],"yoast_head":"<!-- This site is optimized with the Yoast SEO plugin v27.4 - https:\/\/yoast.com\/product\/yoast-seo-wordpress\/ -->\n<title>Culture \u00e9coresponsable - Millet Plastics Inc<\/title>\n<meta name=\"robots\" content=\"index, follow, max-snippet:-1, max-image-preview:large, max-video-preview:-1\" \/>\n<link rel=\"canonical\" href=\"https:\/\/milletplastics.us\/fr\/culture-eco-responsable\/\" \/>\n<meta property=\"og:locale\" content=\"fr_FR\" \/>\n<meta property=\"og:type\" content=\"article\" \/>\n<meta property=\"og:title\" content=\"Culture \u00e9coresponsable - Millet Plastics Inc\" \/>\n<meta property=\"og:description\" content=\"\u00c0 titre d\u2019acteur majeur dans la fabrication de contenants en mati\u00e8re plastique, Millet Plastics Group compte r\u00e9pondre intelligemment aux besoins, tout en contribuant de mani\u00e8re toujours plus positive \u00e0 la probl\u00e9matique de l\u2019empreinte environnementale. Ainsi, les enjeux li\u00e9s aux mati\u00e8res plastiques demeurent au c\u0153ur de nos pr\u00e9occupations. Cela est d\u2019abord possible gr\u00e2ce \u00e0 : nos [&hellip;]\" \/>\n<meta property=\"og:url\" content=\"https:\/\/milletplastics.us\/fr\/culture-eco-responsable\/\" \/>\n<meta property=\"og:site_name\" content=\"Millet Plastics Inc\" \/>\n<meta property=\"article:modified_time\" content=\"2026-02-02T18:47:23+00:00\" \/>\n<meta property=\"og:image\" content=\"https:\/\/milletplastics.us\/wp-content\/uploads\/2019\/01\/AdobeStock_75672966-1-1024x734.jpeg\" \/>\n\t<meta property=\"og:image:width\" content=\"1024\" \/>\n\t<meta property=\"og:image:height\" content=\"734\" \/>\n\t<meta property=\"og:image:type\" content=\"image\/jpeg\" \/>\n<meta name=\"twitter:card\" content=\"summary_large_image\" \/>\n<meta name=\"twitter:label1\" content=\"Dur\u00e9e de lecture estim\u00e9e\" \/>\n\t<meta name=\"twitter:data1\" content=\"1 minute\" \/>\n<script type=\"application\/ld+json\" class=\"yoast-schema-graph\">{\"@context\":\"https:\\\/\\\/schema.org\",\"@graph\":[{\"@type\":\"WebPage\",\"@id\":\"https:\\\/\\\/milletplastics.us\\\/fr\\\/culture-eco-responsable\\\/\",\"url\":\"https:\\\/\\\/milletplastics.us\\\/fr\\\/culture-eco-responsable\\\/\",\"name\":\"Culture \u00e9coresponsable - Millet Plastics Inc\",\"isPartOf\":{\"@id\":\"https:\\\/\\\/milletplastics.us\\\/#website\"},\"primaryImageOfPage\":{\"@id\":\"https:\\\/\\\/milletplastics.us\\\/fr\\\/culture-eco-responsable\\\/#primaryimage\"},\"image\":{\"@id\":\"https:\\\/\\\/milletplastics.us\\\/fr\\\/culture-eco-responsable\\\/#primaryimage\"},\"thumbnailUrl\":\"https:\\\/\\\/milletplastics.us\\\/wp-content\\\/uploads\\\/2019\\\/01\\\/AdobeStock_75672966-1.jpeg\",\"datePublished\":\"2018-12-21T15:36:06+00:00\",\"dateModified\":\"2026-02-02T18:47:23+00:00\",\"breadcrumb\":{\"@id\":\"https:\\\/\\\/milletplastics.us\\\/fr\\\/culture-eco-responsable\\\/#breadcrumb\"},\"inLanguage\":\"fr-FR\",\"potentialAction\":[{\"@type\":\"ReadAction\",\"target\":[\"https:\\\/\\\/milletplastics.us\\\/fr\\\/culture-eco-responsable\\\/\"]}]},{\"@type\":\"ImageObject\",\"inLanguage\":\"fr-FR\",\"@id\":\"https:\\\/\\\/milletplastics.us\\\/fr\\\/culture-eco-responsable\\\/#primaryimage\",\"url\":\"https:\\\/\\\/milletplastics.us\\\/wp-content\\\/uploads\\\/2019\\\/01\\\/AdobeStock_75672966-1.jpeg\",\"contentUrl\":\"https:\\\/\\\/milletplastics.us\\\/wp-content\\\/uploads\\\/2019\\\/01\\\/AdobeStock_75672966-1.jpeg\",\"width\":5500,\"height\":3943,\"caption\":\"D\u00e9veloppement durable\"},{\"@type\":\"BreadcrumbList\",\"@id\":\"https:\\\/\\\/milletplastics.us\\\/fr\\\/culture-eco-responsable\\\/#breadcrumb\",\"itemListElement\":[{\"@type\":\"ListItem\",\"position\":1,\"name\":\"Accueil\",\"item\":\"https:\\\/\\\/milletplastics.us\\\/fr\\\/\"},{\"@type\":\"ListItem\",\"position\":2,\"name\":\"Culture \u00e9coresponsable\"}]},{\"@type\":\"WebSite\",\"@id\":\"https:\\\/\\\/milletplastics.us\\\/#website\",\"url\":\"https:\\\/\\\/milletplastics.us\\\/\",\"name\":\"Millet Plastics Inc\",\"description\":\"Millet Plastics Inc\",\"potentialAction\":[{\"@type\":\"SearchAction\",\"target\":{\"@type\":\"EntryPoint\",\"urlTemplate\":\"https:\\\/\\\/milletplastics.us\\\/?s={search_term_string}\"},\"query-input\":{\"@type\":\"PropertyValueSpecification\",\"valueRequired\":true,\"valueName\":\"search_term_string\"}}],\"inLanguage\":\"fr-FR\"}]}<\/script>\n<!-- \/ Yoast SEO plugin. -->","yoast_head_json":{"title":"Culture \u00e9coresponsable - Millet Plastics Inc","robots":{"index":"index","follow":"follow","max-snippet":"max-snippet:-1","max-image-preview":"max-image-preview:large","max-video-preview":"max-video-preview:-1"},"canonical":"https:\/\/milletplastics.us\/fr\/culture-eco-responsable\/","og_locale":"fr_FR","og_type":"article","og_title":"Culture \u00e9coresponsable - Millet Plastics Inc","og_description":"\u00c0 titre d\u2019acteur majeur dans la fabrication de contenants en mati\u00e8re plastique, Millet Plastics Group compte r\u00e9pondre intelligemment aux besoins, tout en contribuant de mani\u00e8re toujours plus positive \u00e0 la probl\u00e9matique de l\u2019empreinte environnementale. Ainsi, les enjeux li\u00e9s aux mati\u00e8res plastiques demeurent au c\u0153ur de nos pr\u00e9occupations. Cela est d\u2019abord possible gr\u00e2ce \u00e0 : nos [&hellip;]","og_url":"https:\/\/milletplastics.us\/fr\/culture-eco-responsable\/","og_site_name":"Millet Plastics Inc","article_modified_time":"2026-02-02T18:47:23+00:00","og_image":[{"width":1024,"height":734,"url":"https:\/\/milletplastics.us\/wp-content\/uploads\/2019\/01\/AdobeStock_75672966-1-1024x734.jpeg","type":"image\/jpeg"}],"twitter_card":"summary_large_image","twitter_misc":{"Dur\u00e9e de lecture estim\u00e9e":"1 minute"},"schema":{"@context":"https:\/\/schema.org","@graph":[{"@type":"WebPage","@id":"https:\/\/milletplastics.us\/fr\/culture-eco-responsable\/","url":"https:\/\/milletplastics.us\/fr\/culture-eco-responsable\/","name":"Culture \u00e9coresponsable - Millet Plastics Inc","isPartOf":{"@id":"https:\/\/milletplastics.us\/#website"},"primaryImageOfPage":{"@id":"https:\/\/milletplastics.us\/fr\/culture-eco-responsable\/#primaryimage"},"image":{"@id":"https:\/\/milletplastics.us\/fr\/culture-eco-responsable\/#primaryimage"},"thumbnailUrl":"https:\/\/milletplastics.us\/wp-content\/uploads\/2019\/01\/AdobeStock_75672966-1.jpeg","datePublished":"2018-12-21T15:36:06+00:00","dateModified":"2026-02-02T18:47:23+00:00","breadcrumb":{"@id":"https:\/\/milletplastics.us\/fr\/culture-eco-responsable\/#breadcrumb"},"inLanguage":"fr-FR","potentialAction":[{"@type":"ReadAction","target":["https:\/\/milletplastics.us\/fr\/culture-eco-responsable\/"]}]},{"@type":"ImageObject","inLanguage":"fr-FR","@id":"https:\/\/milletplastics.us\/fr\/culture-eco-responsable\/#primaryimage","url":"https:\/\/milletplastics.us\/wp-content\/uploads\/2019\/01\/AdobeStock_75672966-1.jpeg","contentUrl":"https:\/\/milletplastics.us\/wp-content\/uploads\/2019\/01\/AdobeStock_75672966-1.jpeg","width":5500,"height":3943,"caption":"D\u00e9veloppement durable"},{"@type":"BreadcrumbList","@id":"https:\/\/milletplastics.us\/fr\/culture-eco-responsable\/#breadcrumb","itemListElement":[{"@type":"ListItem","position":1,"name":"Accueil","item":"https:\/\/milletplastics.us\/fr\/"},{"@type":"ListItem","position":2,"name":"Culture \u00e9coresponsable"}]},{"@type":"WebSite","@id":"https:\/\/milletplastics.us\/#website","url":"https:\/\/milletplastics.us\/","name":"Millet Plastics Inc","description":"Millet Plastics Inc","potentialAction":[{"@type":"SearchAction","target":{"@type":"EntryPoint","urlTemplate":"https:\/\/milletplastics.us\/?s={search_term_string}"},"query-input":{"@type":"PropertyValueSpecification","valueRequired":true,"valueName":"search_term_string"}}],"inLanguage":"fr-FR"}]}},"_links":{"self":[{"href":"https:\/\/milletplastics.us\/fr\/wp-json\/wp\/v2\/pages\/909","targetHints":{"allow":["GET"]}}],"collection":[{"href":"https:\/\/milletplastics.us\/fr\/wp-json\/wp\/v2\/pages"}],"about":[{"href":"https:\/\/milletplastics.us\/fr\/wp-json\/wp\/v2\/types\/page"}],"author":[{"embeddable":true,"href":"https:\/\/milletplastics.us\/fr\/wp-json\/wp\/v2\/users\/5"}],"replies":[{"embeddable":true,"href":"https:\/\/milletplastics.us\/fr\/wp-json\/wp\/v2\/comments?post=909"}],"version-history":[{"count":1,"href":"https:\/\/milletplastics.us\/fr\/wp-json\/wp\/v2\/pages\/909\/revisions"}],"predecessor-version":[{"id":7187,"href":"https:\/\/milletplastics.us\/fr\/wp-json\/wp\/v2\/pages\/909\/revisions\/7187"}],"wp:featuredmedia":[{"embeddable":true,"href":"https:\/\/milletplastics.us\/fr\/wp-json\/wp\/v2\/media\/1051"}],"wp:attachment":[{"href":"https:\/\/milletplastics.us\/fr\/wp-json\/wp\/v2\/media?parent=909"}],"curies":[{"name":"wp","href":"https:\/\/api.w.org\/{rel}","templated":true}]}}