{"id":686,"date":"2018-12-20T16:03:38","date_gmt":"2018-12-20T16:03:38","guid":{"rendered":"https:\/\/milletplastics.us\/?page_id=686"},"modified":"2026-02-02T14:47:25","modified_gmt":"2026-02-02T18:47:25","slug":"design-sur-mesure-recherche-et-developpement","status":"publish","type":"page","link":"https:\/\/milletplastics.us\/fr\/design-sur-mesure-recherche-et-developpement\/","title":{"rendered":"Recherche et D\u00e9veloppement"},"content":{"rendered":"<p>Notre \u00e9quipe de conception, bas\u00e9e en France, d\u00e9finit avec vous et selon vos pr\u00e9f\u00e9rences le meilleur itin\u00e9raire possible pour la conduite de votre d\u00e9veloppement.<\/p>\n<p>Notre station <em>CAO<\/em> disponible, \u00e9quip\u00e9e de trois postes <em>Pro Engineer CREO<\/em>, permet le traitement confidentiel de vos d\u00e9finitions num\u00e9riques.<\/p>\n<p>Trois ing\u00e9nieurs exp\u00e9riment\u00e9s analysent vos donn\u00e9es et vous livrent les optimisations pour un succ\u00e8s partag\u00e9.<\/p>\n<h2>D\u00e9veloppement des composants et processus<\/h2>\n<p><img loading=\"lazy\" decoding=\"async\" class=\"alignright\" src=\"https:\/\/milletplastics.us\/wp-content\/uploads\/2018\/12\/DSC_0208-1-1-300x199.jpg\" alt=\"\" width=\"300\" height=\"199\" \/><\/p>\n<p>En effet, nous ne sommes pas seulement experts dans la mise en valeur des emballages de vos produits.<\/p>\n<p>Nous nous chargeons aussi de tous les processus qui les entourent. Nos \u00e9quipes de techniciens et d&rsquo;ing\u00e9nieurs d\u00e9veloppent, produisent et int\u00e8grent, sur demande, tous les composants et processus li\u00e9s au projet.<\/p>\n<p><a href=\"https:\/\/www.milletplastics-group.com\/\" target=\"_blank\" rel=\"noopener noreferrer\">Millet Plastics Group<\/a> investit ses efforts de R&amp;D (Recherche et d\u00e9veloppement) dans la veille de tendances et l&rsquo;adoption de technologies et de proc\u00e9d\u00e9s performants.<\/p>\n<p>&nbsp;<\/p>\n","protected":false},"excerpt":{"rendered":"<p>Notre \u00e9quipe de conception, bas\u00e9e en France, d\u00e9finit avec vous et selon vos pr\u00e9f\u00e9rences le meilleur itin\u00e9raire possible pour la conduite de votre d\u00e9veloppement. Notre station CAO disponible, \u00e9quip\u00e9e de trois postes Pro Engineer CREO, permet le traitement confidentiel de vos d\u00e9finitions num\u00e9riques. Trois ing\u00e9nieurs exp\u00e9riment\u00e9s analysent vos donn\u00e9es et vous livrent les optimisations pour [&hellip;]<\/p>\n","protected":false},"author":5,"featured_media":614,"parent":0,"menu_order":0,"comment_status":"closed","ping_status":"closed","template":"","meta":{"_acf_changed":false,"site-sidebar-layout":"default","site-content-layout":"default","ast-site-content-layout":"default","site-content-style":"default","site-sidebar-style":"default","ast-global-header-display":"","ast-banner-title-visibility":"","ast-main-header-display":"","ast-hfb-above-header-display":"","ast-hfb-below-header-display":"","ast-hfb-mobile-header-display":"","site-post-title":"","ast-breadcrumbs-content":"","ast-featured-img":"","footer-sml-layout":"","ast-disable-related-posts":"","theme-transparent-header-meta":"default","adv-header-id-meta":"","stick-header-meta":"","header-above-stick-meta":"","header-main-stick-meta":"","header-below-stick-meta":"","astra-migrate-meta-layouts":"default","ast-page-background-enabled":"default","ast-page-background-meta":{"desktop":{"background-color":"var(--ast-global-color-4)","background-image":"","background-repeat":"repeat","background-position":"center center","background-size":"auto","background-attachment":"scroll","background-type":"","background-media":"","overlay-type":"","overlay-color":"","overlay-opacity":"","overlay-gradient":""},"tablet":{"background-color":"","background-image":"","background-repeat":"repeat","background-position":"center center","background-size":"auto","background-attachment":"scroll","background-type":"","background-media":"","overlay-type":"","overlay-color":"","overlay-opacity":"","overlay-gradient":""},"mobile":{"background-color":"","background-image":"","background-repeat":"repeat","background-position":"center center","background-size":"auto","background-attachment":"scroll","background-type":"","background-media":"","overlay-type":"","overlay-color":"","overlay-opacity":"","overlay-gradient":""}},"ast-content-background-meta":{"desktop":{"background-color":"var(--ast-global-color-5)","background-image":"","background-repeat":"repeat","background-position":"center center","background-size":"auto","background-attachment":"scroll","background-type":"","background-media":"","overlay-type":"","overlay-color":"","overlay-opacity":"","overlay-gradient":""},"tablet":{"background-color":"var(--ast-global-color-5)","background-image":"","background-repeat":"repeat","background-position":"center center","background-size":"auto","background-attachment":"scroll","background-type":"","background-media":"","overlay-type":"","overlay-color":"","overlay-opacity":"","overlay-gradient":""},"mobile":{"background-color":"var(--ast-global-color-5)","background-image":"","background-repeat":"repeat","background-position":"center center","background-size":"auto","background-attachment":"scroll","background-type":"","background-media":"","overlay-type":"","overlay-color":"","overlay-opacity":"","overlay-gradient":""}},"footnotes":""},"class_list":["post-686","page","type-page","status-publish","has-post-thumbnail","hentry"],"acf":[],"yoast_head":"<!-- This site is optimized with the Yoast SEO plugin v27.4 - https:\/\/yoast.com\/product\/yoast-seo-wordpress\/ -->\n<title>Recherche et D\u00e9veloppement - Millet Plastics Inc<\/title>\n<meta name=\"robots\" content=\"index, follow, max-snippet:-1, max-image-preview:large, max-video-preview:-1\" \/>\n<link rel=\"canonical\" href=\"https:\/\/milletplastics.us\/fr\/design-sur-mesure-recherche-et-developpement\/\" \/>\n<meta property=\"og:locale\" content=\"fr_FR\" \/>\n<meta property=\"og:type\" content=\"article\" \/>\n<meta property=\"og:title\" content=\"Recherche et D\u00e9veloppement - Millet Plastics Inc\" \/>\n<meta property=\"og:description\" content=\"Notre \u00e9quipe de conception, bas\u00e9e en France, d\u00e9finit avec vous et selon vos pr\u00e9f\u00e9rences le meilleur itin\u00e9raire possible pour la conduite de votre d\u00e9veloppement. Notre station CAO disponible, \u00e9quip\u00e9e de trois postes Pro Engineer CREO, permet le traitement confidentiel de vos d\u00e9finitions num\u00e9riques. Trois ing\u00e9nieurs exp\u00e9riment\u00e9s analysent vos donn\u00e9es et vous livrent les optimisations pour [&hellip;]\" \/>\n<meta property=\"og:url\" content=\"https:\/\/milletplastics.us\/fr\/design-sur-mesure-recherche-et-developpement\/\" \/>\n<meta property=\"og:site_name\" content=\"Millet Plastics Inc\" \/>\n<meta property=\"article:modified_time\" content=\"2026-02-02T18:47:25+00:00\" \/>\n<meta property=\"og:image\" content=\"https:\/\/milletplastics.us\/wp-content\/uploads\/2018\/12\/DSC_0208-1-1.jpg\" \/>\n\t<meta property=\"og:image:width\" content=\"3216\" \/>\n\t<meta property=\"og:image:height\" content=\"2136\" \/>\n\t<meta property=\"og:image:type\" content=\"image\/jpeg\" \/>\n<meta name=\"twitter:card\" content=\"summary_large_image\" \/>\n<meta name=\"twitter:image\" content=\"https:\/\/milletplastics.us\/wp-content\/uploads\/2018\/12\/DSC_0208-1-1.jpg\" \/>\n<meta name=\"twitter:label1\" content=\"Dur\u00e9e de lecture estim\u00e9e\" \/>\n\t<meta name=\"twitter:data1\" content=\"1 minute\" \/>\n<script type=\"application\/ld+json\" class=\"yoast-schema-graph\">{\"@context\":\"https:\\\/\\\/schema.org\",\"@graph\":[{\"@type\":\"WebPage\",\"@id\":\"https:\\\/\\\/milletplastics.us\\\/fr\\\/design-sur-mesure-recherche-et-developpement\\\/\",\"url\":\"https:\\\/\\\/milletplastics.us\\\/fr\\\/design-sur-mesure-recherche-et-developpement\\\/\",\"name\":\"Recherche et D\u00e9veloppement - Millet Plastics Inc\",\"isPartOf\":{\"@id\":\"https:\\\/\\\/milletplastics.us\\\/#website\"},\"primaryImageOfPage\":{\"@id\":\"https:\\\/\\\/milletplastics.us\\\/fr\\\/design-sur-mesure-recherche-et-developpement\\\/#primaryimage\"},\"image\":{\"@id\":\"https:\\\/\\\/milletplastics.us\\\/fr\\\/design-sur-mesure-recherche-et-developpement\\\/#primaryimage\"},\"thumbnailUrl\":\"https:\\\/\\\/milletplastics.us\\\/wp-content\\\/uploads\\\/2018\\\/12\\\/XAV6169MD-1-1.jpg\",\"datePublished\":\"2018-12-20T16:03:38+00:00\",\"dateModified\":\"2026-02-02T18:47:25+00:00\",\"breadcrumb\":{\"@id\":\"https:\\\/\\\/milletplastics.us\\\/fr\\\/design-sur-mesure-recherche-et-developpement\\\/#breadcrumb\"},\"inLanguage\":\"fr-FR\",\"potentialAction\":[{\"@type\":\"ReadAction\",\"target\":[\"https:\\\/\\\/milletplastics.us\\\/fr\\\/design-sur-mesure-recherche-et-developpement\\\/\"]}]},{\"@type\":\"ImageObject\",\"inLanguage\":\"fr-FR\",\"@id\":\"https:\\\/\\\/milletplastics.us\\\/fr\\\/design-sur-mesure-recherche-et-developpement\\\/#primaryimage\",\"url\":\"https:\\\/\\\/milletplastics.us\\\/wp-content\\\/uploads\\\/2018\\\/12\\\/XAV6169MD-1-1.jpg\",\"contentUrl\":\"https:\\\/\\\/milletplastics.us\\\/wp-content\\\/uploads\\\/2018\\\/12\\\/XAV6169MD-1-1.jpg\",\"width\":7360,\"height\":4912},{\"@type\":\"BreadcrumbList\",\"@id\":\"https:\\\/\\\/milletplastics.us\\\/fr\\\/design-sur-mesure-recherche-et-developpement\\\/#breadcrumb\",\"itemListElement\":[{\"@type\":\"ListItem\",\"position\":1,\"name\":\"Accueil\",\"item\":\"https:\\\/\\\/milletplastics.us\\\/fr\\\/\"},{\"@type\":\"ListItem\",\"position\":2,\"name\":\"Recherche et D\u00e9veloppement\"}]},{\"@type\":\"WebSite\",\"@id\":\"https:\\\/\\\/milletplastics.us\\\/#website\",\"url\":\"https:\\\/\\\/milletplastics.us\\\/\",\"name\":\"Millet Plastics Inc\",\"description\":\"Millet Plastics Inc\",\"potentialAction\":[{\"@type\":\"SearchAction\",\"target\":{\"@type\":\"EntryPoint\",\"urlTemplate\":\"https:\\\/\\\/milletplastics.us\\\/?s={search_term_string}\"},\"query-input\":{\"@type\":\"PropertyValueSpecification\",\"valueRequired\":true,\"valueName\":\"search_term_string\"}}],\"inLanguage\":\"fr-FR\"}]}<\/script>\n<!-- \/ Yoast SEO plugin. -->","yoast_head_json":{"title":"Recherche et D\u00e9veloppement - Millet Plastics Inc","robots":{"index":"index","follow":"follow","max-snippet":"max-snippet:-1","max-image-preview":"max-image-preview:large","max-video-preview":"max-video-preview:-1"},"canonical":"https:\/\/milletplastics.us\/fr\/design-sur-mesure-recherche-et-developpement\/","og_locale":"fr_FR","og_type":"article","og_title":"Recherche et D\u00e9veloppement - Millet Plastics Inc","og_description":"Notre \u00e9quipe de conception, bas\u00e9e en France, d\u00e9finit avec vous et selon vos pr\u00e9f\u00e9rences le meilleur itin\u00e9raire possible pour la conduite de votre d\u00e9veloppement. Notre station CAO disponible, \u00e9quip\u00e9e de trois postes Pro Engineer CREO, permet le traitement confidentiel de vos d\u00e9finitions num\u00e9riques. Trois ing\u00e9nieurs exp\u00e9riment\u00e9s analysent vos donn\u00e9es et vous livrent les optimisations pour [&hellip;]","og_url":"https:\/\/milletplastics.us\/fr\/design-sur-mesure-recherche-et-developpement\/","og_site_name":"Millet Plastics Inc","article_modified_time":"2026-02-02T18:47:25+00:00","og_image":[{"width":3216,"height":2136,"url":"https:\/\/milletplastics.us\/wp-content\/uploads\/2018\/12\/DSC_0208-1-1.jpg","type":"image\/jpeg"}],"twitter_card":"summary_large_image","twitter_image":"https:\/\/milletplastics.us\/wp-content\/uploads\/2018\/12\/DSC_0208-1-1.jpg","twitter_misc":{"Dur\u00e9e de lecture estim\u00e9e":"1 minute"},"schema":{"@context":"https:\/\/schema.org","@graph":[{"@type":"WebPage","@id":"https:\/\/milletplastics.us\/fr\/design-sur-mesure-recherche-et-developpement\/","url":"https:\/\/milletplastics.us\/fr\/design-sur-mesure-recherche-et-developpement\/","name":"Recherche et D\u00e9veloppement - Millet Plastics Inc","isPartOf":{"@id":"https:\/\/milletplastics.us\/#website"},"primaryImageOfPage":{"@id":"https:\/\/milletplastics.us\/fr\/design-sur-mesure-recherche-et-developpement\/#primaryimage"},"image":{"@id":"https:\/\/milletplastics.us\/fr\/design-sur-mesure-recherche-et-developpement\/#primaryimage"},"thumbnailUrl":"https:\/\/milletplastics.us\/wp-content\/uploads\/2018\/12\/XAV6169MD-1-1.jpg","datePublished":"2018-12-20T16:03:38+00:00","dateModified":"2026-02-02T18:47:25+00:00","breadcrumb":{"@id":"https:\/\/milletplastics.us\/fr\/design-sur-mesure-recherche-et-developpement\/#breadcrumb"},"inLanguage":"fr-FR","potentialAction":[{"@type":"ReadAction","target":["https:\/\/milletplastics.us\/fr\/design-sur-mesure-recherche-et-developpement\/"]}]},{"@type":"ImageObject","inLanguage":"fr-FR","@id":"https:\/\/milletplastics.us\/fr\/design-sur-mesure-recherche-et-developpement\/#primaryimage","url":"https:\/\/milletplastics.us\/wp-content\/uploads\/2018\/12\/XAV6169MD-1-1.jpg","contentUrl":"https:\/\/milletplastics.us\/wp-content\/uploads\/2018\/12\/XAV6169MD-1-1.jpg","width":7360,"height":4912},{"@type":"BreadcrumbList","@id":"https:\/\/milletplastics.us\/fr\/design-sur-mesure-recherche-et-developpement\/#breadcrumb","itemListElement":[{"@type":"ListItem","position":1,"name":"Accueil","item":"https:\/\/milletplastics.us\/fr\/"},{"@type":"ListItem","position":2,"name":"Recherche et D\u00e9veloppement"}]},{"@type":"WebSite","@id":"https:\/\/milletplastics.us\/#website","url":"https:\/\/milletplastics.us\/","name":"Millet Plastics Inc","description":"Millet Plastics Inc","potentialAction":[{"@type":"SearchAction","target":{"@type":"EntryPoint","urlTemplate":"https:\/\/milletplastics.us\/?s={search_term_string}"},"query-input":{"@type":"PropertyValueSpecification","valueRequired":true,"valueName":"search_term_string"}}],"inLanguage":"fr-FR"}]}},"_links":{"self":[{"href":"https:\/\/milletplastics.us\/fr\/wp-json\/wp\/v2\/pages\/686","targetHints":{"allow":["GET"]}}],"collection":[{"href":"https:\/\/milletplastics.us\/fr\/wp-json\/wp\/v2\/pages"}],"about":[{"href":"https:\/\/milletplastics.us\/fr\/wp-json\/wp\/v2\/types\/page"}],"author":[{"embeddable":true,"href":"https:\/\/milletplastics.us\/fr\/wp-json\/wp\/v2\/users\/5"}],"replies":[{"embeddable":true,"href":"https:\/\/milletplastics.us\/fr\/wp-json\/wp\/v2\/comments?post=686"}],"version-history":[{"count":1,"href":"https:\/\/milletplastics.us\/fr\/wp-json\/wp\/v2\/pages\/686\/revisions"}],"predecessor-version":[{"id":7197,"href":"https:\/\/milletplastics.us\/fr\/wp-json\/wp\/v2\/pages\/686\/revisions\/7197"}],"wp:featuredmedia":[{"embeddable":true,"href":"https:\/\/milletplastics.us\/fr\/wp-json\/wp\/v2\/media\/614"}],"wp:attachment":[{"href":"https:\/\/milletplastics.us\/fr\/wp-json\/wp\/v2\/media?parent=686"}],"curies":[{"name":"wp","href":"https:\/\/api.w.org\/{rel}","templated":true}]}}