{"id":666,"date":"2018-12-20T15:29:46","date_gmt":"2018-12-20T15:29:46","guid":{"rendered":"https:\/\/milletplastics.us\/?page_id=666"},"modified":"2026-02-02T14:47:23","modified_gmt":"2026-02-02T18:47:23","slug":"accueil","status":"publish","type":"page","link":"https:\/\/milletplastics.us\/fr\/","title":{"rendered":"Accueil"},"content":{"rendered":"<div class=\"flex_column av_one_full flex_column_div av-zero-column-padding first avia-builder-el-3 el_before_av_one_half avia-builder-el-first \">\n<section class=\"av_textblock_section \">\n<div class=\"avia_textblock \">\n<div class=\"titre\">\n<div class=\"flex_column av_one_full flex_column_div av-zero-column-padding first avia-builder-el-3 el_before_av_one_half avia-builder-el-first \">\n<section class=\"av_textblock_section \">\n<div class=\"avia_textblock \">\n<div>\n<h2>Millet Plastics Group, experte en transformation plastique<\/h2>\n<p>De l\u2019activit\u00e9 artisanale de Marius Millet \u00e0 la modernit\u00e9 des sites de fabrication qui constituent le <a href=\"http:\/\/www.milletplastics-group.com\/groupe\/le-groupe-historique-de-l-entreprise\/\" target=\"_blank\" rel=\"noopener noreferrer\">groupe Millet<\/a>, pr\u00e8s de 60 ans se sont \u00e9coul\u00e9s. Historiquement implant\u00e9 dans le Jura, Millet a contribu\u00e9 \u00e0 l\u2019essor de la Plastics Vall\u00e9e pour s\u2019imposer aujourd\u2019hui comme un expert reconnu internationalement en transformation des mati\u00e8res plastiques par\u00a0injection\u00a0et\u00a0extrusion soufflage.<\/p>\n<\/div>\n<p>Gr\u00e2ce \u00e0 son savoir-faire, \u00e0 l\u2019ing\u00e9niosit\u00e9, l\u2019inventivit\u00e9 de ses \u00e9quipes et \u00e0 ses technologies d\u2019avant-garde, le groupe r\u00e9pond avec pr\u00e9cision aux besoins des clients les plus exigeants du secteur alimentaire, de l\u2019\u00e9nergie, de la phytochimie, de l\u2019hygi\u00e8ne, de la sant\u00e9, et de l\u2019\u00e9quipement grand public et professionnel.<\/p>\n<section>\n<div>\n<p>De par leur souplesse et r\u00e9activit\u00e9, nos \u00e9quipes sauront optimiser l\u2019innovation et la personnalisation de vos solutions li\u00e9es aux mati\u00e8res plastiques.<\/p>\n<p>Avec plus de 40 brevets \u00e0 son actif\u2026 Millet se distingue par sa signature, son empreinte en la mati\u00e8re !<\/p>\n<\/div>\n<\/section>\n<\/div>\n<\/section>\n<\/div>\n<\/div>\n<\/div>\n<\/section>\n<\/div>\n","protected":false},"excerpt":{"rendered":"<p>Millet Plastics Group, experte en transformation plastique De l\u2019activit\u00e9 artisanale de Marius Millet \u00e0 la modernit\u00e9 des sites de fabrication qui constituent le groupe Millet, pr\u00e8s de 60 ans se sont \u00e9coul\u00e9s. Historiquement implant\u00e9 dans le Jura, Millet a contribu\u00e9 \u00e0 l\u2019essor de la Plastics Vall\u00e9e pour s\u2019imposer aujourd\u2019hui comme un expert reconnu internationalement en [&hellip;]<\/p>\n","protected":false},"author":5,"featured_media":462,"parent":0,"menu_order":0,"comment_status":"closed","ping_status":"closed","template":"","meta":{"_acf_changed":false,"site-sidebar-layout":"default","site-content-layout":"","ast-site-content-layout":"default","site-content-style":"default","site-sidebar-style":"default","ast-global-header-display":"","ast-banner-title-visibility":"","ast-main-header-display":"","ast-hfb-above-header-display":"","ast-hfb-below-header-display":"","ast-hfb-mobile-header-display":"","site-post-title":"","ast-breadcrumbs-content":"","ast-featured-img":"","footer-sml-layout":"","ast-disable-related-posts":"","theme-transparent-header-meta":"","adv-header-id-meta":"","stick-header-meta":"","header-above-stick-meta":"","header-main-stick-meta":"","header-below-stick-meta":"","astra-migrate-meta-layouts":"default","ast-page-background-enabled":"default","ast-page-background-meta":{"desktop":{"background-color":"var(--ast-global-color-4)","background-image":"","background-repeat":"repeat","background-position":"center center","background-size":"auto","background-attachment":"scroll","background-type":"","background-media":"","overlay-type":"","overlay-color":"","overlay-opacity":"","overlay-gradient":""},"tablet":{"background-color":"","background-image":"","background-repeat":"repeat","background-position":"center center","background-size":"auto","background-attachment":"scroll","background-type":"","background-media":"","overlay-type":"","overlay-color":"","overlay-opacity":"","overlay-gradient":""},"mobile":{"background-color":"","background-image":"","background-repeat":"repeat","background-position":"center center","background-size":"auto","background-attachment":"scroll","background-type":"","background-media":"","overlay-type":"","overlay-color":"","overlay-opacity":"","overlay-gradient":""}},"ast-content-background-meta":{"desktop":{"background-color":"var(--ast-global-color-5)","background-image":"","background-repeat":"repeat","background-position":"center center","background-size":"auto","background-attachment":"scroll","background-type":"","background-media":"","overlay-type":"","overlay-color":"","overlay-opacity":"","overlay-gradient":""},"tablet":{"background-color":"var(--ast-global-color-5)","background-image":"","background-repeat":"repeat","background-position":"center center","background-size":"auto","background-attachment":"scroll","background-type":"","background-media":"","overlay-type":"","overlay-color":"","overlay-opacity":"","overlay-gradient":""},"mobile":{"background-color":"var(--ast-global-color-5)","background-image":"","background-repeat":"repeat","background-position":"center center","background-size":"auto","background-attachment":"scroll","background-type":"","background-media":"","overlay-type":"","overlay-color":"","overlay-opacity":"","overlay-gradient":""}},"footnotes":""},"class_list":["post-666","page","type-page","status-publish","has-post-thumbnail","hentry"],"acf":[],"yoast_head":"<!-- This site is optimized with the Yoast SEO plugin v27.4 - https:\/\/yoast.com\/product\/yoast-seo-wordpress\/ -->\n<title>Accueil - Millet Plastics Inc<\/title>\n<meta name=\"robots\" content=\"index, follow, max-snippet:-1, max-image-preview:large, max-video-preview:-1\" \/>\n<link rel=\"canonical\" href=\"https:\/\/milletplastics.us\/fr\/\" \/>\n<meta property=\"og:locale\" content=\"fr_FR\" \/>\n<meta property=\"og:type\" content=\"article\" \/>\n<meta property=\"og:title\" content=\"Accueil - Millet Plastics Inc\" \/>\n<meta property=\"og:description\" content=\"Millet Plastics Group, experte en transformation plastique De l\u2019activit\u00e9 artisanale de Marius Millet \u00e0 la modernit\u00e9 des sites de fabrication qui constituent le groupe Millet, pr\u00e8s de 60 ans se sont \u00e9coul\u00e9s. Historiquement implant\u00e9 dans le Jura, Millet a contribu\u00e9 \u00e0 l\u2019essor de la Plastics Vall\u00e9e pour s\u2019imposer aujourd\u2019hui comme un expert reconnu internationalement en [&hellip;]\" \/>\n<meta property=\"og:url\" content=\"https:\/\/milletplastics.us\/fr\/\" \/>\n<meta property=\"og:site_name\" content=\"Millet Plastics Inc\" \/>\n<meta property=\"article:modified_time\" content=\"2026-02-02T18:47:23+00:00\" \/>\n<meta property=\"og:image\" content=\"https:\/\/milletplastics.us\/wp-content\/uploads\/2000\/01\/bidons-ttm-millet.jpeg\" \/>\n\t<meta property=\"og:image:width\" content=\"7360\" \/>\n\t<meta property=\"og:image:height\" content=\"4912\" \/>\n\t<meta property=\"og:image:type\" content=\"image\/jpeg\" \/>\n<meta name=\"twitter:card\" content=\"summary_large_image\" \/>\n<meta name=\"twitter:label1\" content=\"Dur\u00e9e de lecture estim\u00e9e\" \/>\n\t<meta name=\"twitter:data1\" content=\"1 minute\" \/>\n<script type=\"application\/ld+json\" class=\"yoast-schema-graph\">{\"@context\":\"https:\\\/\\\/schema.org\",\"@graph\":[{\"@type\":\"WebPage\",\"@id\":\"https:\\\/\\\/milletplastics.us\\\/fr\\\/\",\"url\":\"https:\\\/\\\/milletplastics.us\\\/fr\\\/\",\"name\":\"Accueil - Millet Plastics Inc\",\"isPartOf\":{\"@id\":\"https:\\\/\\\/milletplastics.us\\\/#website\"},\"primaryImageOfPage\":{\"@id\":\"https:\\\/\\\/milletplastics.us\\\/fr\\\/#primaryimage\"},\"image\":{\"@id\":\"https:\\\/\\\/milletplastics.us\\\/fr\\\/#primaryimage\"},\"thumbnailUrl\":\"https:\\\/\\\/milletplastics.us\\\/wp-content\\\/uploads\\\/2000\\\/01\\\/bidons-ttm-millet.jpeg\",\"datePublished\":\"2018-12-20T15:29:46+00:00\",\"dateModified\":\"2026-02-02T18:47:23+00:00\",\"breadcrumb\":{\"@id\":\"https:\\\/\\\/milletplastics.us\\\/fr\\\/#breadcrumb\"},\"inLanguage\":\"fr-FR\",\"potentialAction\":[{\"@type\":\"ReadAction\",\"target\":[\"https:\\\/\\\/milletplastics.us\\\/fr\\\/\"]}]},{\"@type\":\"ImageObject\",\"inLanguage\":\"fr-FR\",\"@id\":\"https:\\\/\\\/milletplastics.us\\\/fr\\\/#primaryimage\",\"url\":\"https:\\\/\\\/milletplastics.us\\\/wp-content\\\/uploads\\\/2000\\\/01\\\/bidons-ttm-millet.jpeg\",\"contentUrl\":\"https:\\\/\\\/milletplastics.us\\\/wp-content\\\/uploads\\\/2000\\\/01\\\/bidons-ttm-millet.jpeg\",\"width\":7360,\"height\":4912},{\"@type\":\"BreadcrumbList\",\"@id\":\"https:\\\/\\\/milletplastics.us\\\/fr\\\/#breadcrumb\",\"itemListElement\":[{\"@type\":\"ListItem\",\"position\":1,\"name\":\"Accueil\",\"item\":\"https:\\\/\\\/milletplastics.us\\\/fr\\\/\"},{\"@type\":\"ListItem\",\"position\":2,\"name\":\"Accueil\"}]},{\"@type\":\"WebSite\",\"@id\":\"https:\\\/\\\/milletplastics.us\\\/#website\",\"url\":\"https:\\\/\\\/milletplastics.us\\\/\",\"name\":\"Millet Plastics Inc\",\"description\":\"Millet Plastics Inc\",\"potentialAction\":[{\"@type\":\"SearchAction\",\"target\":{\"@type\":\"EntryPoint\",\"urlTemplate\":\"https:\\\/\\\/milletplastics.us\\\/?s={search_term_string}\"},\"query-input\":{\"@type\":\"PropertyValueSpecification\",\"valueRequired\":true,\"valueName\":\"search_term_string\"}}],\"inLanguage\":\"fr-FR\"}]}<\/script>\n<!-- \/ Yoast SEO plugin. -->","yoast_head_json":{"title":"Accueil - Millet Plastics Inc","robots":{"index":"index","follow":"follow","max-snippet":"max-snippet:-1","max-image-preview":"max-image-preview:large","max-video-preview":"max-video-preview:-1"},"canonical":"https:\/\/milletplastics.us\/fr\/","og_locale":"fr_FR","og_type":"article","og_title":"Accueil - Millet Plastics Inc","og_description":"Millet Plastics Group, experte en transformation plastique De l\u2019activit\u00e9 artisanale de Marius Millet \u00e0 la modernit\u00e9 des sites de fabrication qui constituent le groupe Millet, pr\u00e8s de 60 ans se sont \u00e9coul\u00e9s. Historiquement implant\u00e9 dans le Jura, Millet a contribu\u00e9 \u00e0 l\u2019essor de la Plastics Vall\u00e9e pour s\u2019imposer aujourd\u2019hui comme un expert reconnu internationalement en [&hellip;]","og_url":"https:\/\/milletplastics.us\/fr\/","og_site_name":"Millet Plastics Inc","article_modified_time":"2026-02-02T18:47:23+00:00","og_image":[{"width":7360,"height":4912,"url":"https:\/\/milletplastics.us\/wp-content\/uploads\/2000\/01\/bidons-ttm-millet.jpeg","type":"image\/jpeg"}],"twitter_card":"summary_large_image","twitter_misc":{"Dur\u00e9e de lecture estim\u00e9e":"1 minute"},"schema":{"@context":"https:\/\/schema.org","@graph":[{"@type":"WebPage","@id":"https:\/\/milletplastics.us\/fr\/","url":"https:\/\/milletplastics.us\/fr\/","name":"Accueil - Millet Plastics Inc","isPartOf":{"@id":"https:\/\/milletplastics.us\/#website"},"primaryImageOfPage":{"@id":"https:\/\/milletplastics.us\/fr\/#primaryimage"},"image":{"@id":"https:\/\/milletplastics.us\/fr\/#primaryimage"},"thumbnailUrl":"https:\/\/milletplastics.us\/wp-content\/uploads\/2000\/01\/bidons-ttm-millet.jpeg","datePublished":"2018-12-20T15:29:46+00:00","dateModified":"2026-02-02T18:47:23+00:00","breadcrumb":{"@id":"https:\/\/milletplastics.us\/fr\/#breadcrumb"},"inLanguage":"fr-FR","potentialAction":[{"@type":"ReadAction","target":["https:\/\/milletplastics.us\/fr\/"]}]},{"@type":"ImageObject","inLanguage":"fr-FR","@id":"https:\/\/milletplastics.us\/fr\/#primaryimage","url":"https:\/\/milletplastics.us\/wp-content\/uploads\/2000\/01\/bidons-ttm-millet.jpeg","contentUrl":"https:\/\/milletplastics.us\/wp-content\/uploads\/2000\/01\/bidons-ttm-millet.jpeg","width":7360,"height":4912},{"@type":"BreadcrumbList","@id":"https:\/\/milletplastics.us\/fr\/#breadcrumb","itemListElement":[{"@type":"ListItem","position":1,"name":"Accueil","item":"https:\/\/milletplastics.us\/fr\/"},{"@type":"ListItem","position":2,"name":"Accueil"}]},{"@type":"WebSite","@id":"https:\/\/milletplastics.us\/#website","url":"https:\/\/milletplastics.us\/","name":"Millet Plastics Inc","description":"Millet Plastics Inc","potentialAction":[{"@type":"SearchAction","target":{"@type":"EntryPoint","urlTemplate":"https:\/\/milletplastics.us\/?s={search_term_string}"},"query-input":{"@type":"PropertyValueSpecification","valueRequired":true,"valueName":"search_term_string"}}],"inLanguage":"fr-FR"}]}},"_links":{"self":[{"href":"https:\/\/milletplastics.us\/fr\/wp-json\/wp\/v2\/pages\/666","targetHints":{"allow":["GET"]}}],"collection":[{"href":"https:\/\/milletplastics.us\/fr\/wp-json\/wp\/v2\/pages"}],"about":[{"href":"https:\/\/milletplastics.us\/fr\/wp-json\/wp\/v2\/types\/page"}],"author":[{"embeddable":true,"href":"https:\/\/milletplastics.us\/fr\/wp-json\/wp\/v2\/users\/5"}],"replies":[{"embeddable":true,"href":"https:\/\/milletplastics.us\/fr\/wp-json\/wp\/v2\/comments?post=666"}],"version-history":[{"count":1,"href":"https:\/\/milletplastics.us\/fr\/wp-json\/wp\/v2\/pages\/666\/revisions"}],"predecessor-version":[{"id":7184,"href":"https:\/\/milletplastics.us\/fr\/wp-json\/wp\/v2\/pages\/666\/revisions\/7184"}],"wp:featuredmedia":[{"embeddable":true,"href":"https:\/\/milletplastics.us\/fr\/wp-json\/wp\/v2\/media\/462"}],"wp:attachment":[{"href":"https:\/\/milletplastics.us\/fr\/wp-json\/wp\/v2\/media?parent=666"}],"curies":[{"name":"wp","href":"https:\/\/api.w.org\/{rel}","templated":true}]}}