{"id":1506,"date":"2019-04-17T08:19:18","date_gmt":"2019-04-17T13:19:18","guid":{"rendered":"https:\/\/milletplastics.us\/?page_id=1506"},"modified":"2026-02-02T14:47:25","modified_gmt":"2026-02-02T18:47:25","slug":"politique-de-confidentialite","status":"publish","type":"page","link":"https:\/\/milletplastics.us\/fr\/politique-de-confidentialite\/","title":{"rendered":"Politique de confidentialit\u00e9"},"content":{"rendered":"<header data-post-id=\"27\" data-type=\"header\" data-sticky=\"1\" data-shrink=\"1\" data-overlay=\"1\" data-overlay-bg=\"transparent\">\r\n<div data-node=\"5bcde49369491\">\r\n<div>\r\n<div>\r\n<div data-node=\"5bcde493694ca\">\r\n<div data-node=\"5bcde49369539\">\r\n<div>\r\n<div data-node=\"5bcde493695a6\">\r\n<h2 class=\"wp-block-heading\">Qui sommes-nous ?<\/h2>\r\n<\/div>\r\n<\/div>\r\n<\/div>\r\n<\/div>\r\n<\/div>\r\n<\/div>\r\n<\/div>\r\n<\/header>\r\n<div>\r\n<h4 id=\"fl-post-348\">MILLET PLASTICS GROUP<\/h4>\r\n<h4>L\u2019adresse de notre site Web est https:<a href=\"https:\/\/milletplastics.us\/\">\/\/espritslibres.design\/~milletplastique\/<\/a><\/h4>\r\n<article>\r\n<div><hr \/>\r\n<h2>\u00c0 propos de ce site<\/h2>\r\nVersion 1.0 Ce site a \u00e9t\u00e9 con\u00e7u, en 2019, par <a href=\"https:\/\/espritslibres.design\/\">Esprits Libres Design<\/a>.<\/div>\r\n<div>Esprits Libres Design donne acc\u00e8s \u00e0 plusieurs<a href=\"https:\/\/espritslibres.design\/expertise-design\/\">\u00a0expertises du Design<\/a>\u00a0d\u00e9tenues par nos cr\u00e9ateurs et nos collaborateurs dans le<a href=\"https:\/\/espritslibres.design\/expertise\/ideation-strategie\/\">\u00a0design d\u2019exp\u00e9rience<\/a>,<a href=\"https:\/\/espritslibres.design\/expertise\/design-graphique\/\">\u00a0design graphique<\/a>,<a href=\"https:\/\/espritslibres.design\/expertise\/design-web\/\">\u00a0design web<\/a>\u00a0et<a href=\"https:\/\/espritslibres.design\/expertise\/design-de-contenus\/\">\u00a0design de contenus<\/a>.<\/div>\r\n<div>L\u2019approche de travail est bas\u00e9e sur le co-design et l\u2019intelligence collective.<\/div>\r\n<h3>Cr\u00e9dits:<\/h3>\r\n<div>Direction de cr\u00e9ation:<a href=\"https:\/\/espritslibres.design\/createur\/roxanne-tetreault-designer\/\">\u00a0Roxanne T\u00e9treault <\/a><\/div>\r\n<div>Design graphique:<a href=\"https:\/\/espritslibres.design\/createur\/stephanie-st-pierre-designer-graphique\/\">\u00a0St\u00e9phanie St-Pierre <\/a><\/div>\r\n<div>Design web:<a href=\"https:\/\/espritslibres.design\/createur\/jimmy-surprenant\/\">\u00a0Jimmy Surprenant<\/a><\/div>\r\n<div>Plus d\u2019information sur ce projet:\u00a0<a href=\"https:\/\/espritslibres.design\/\">https:\/\/espritslibres.design<\/a><hr \/>\r\n<h2>Utilisation des donn\u00e9es personnelles collect\u00e9es<\/h2>\r\n<h3>M\u00e9dias<\/h3>\r\nSi vous \u00eates un utilisateur ou une utilisatrice enregistr\u00e9\u00b7e et que vous t\u00e9l\u00e9versez des images sur le site web, nous vous interdissons de t\u00e9l\u00e9verser des images contenant des donn\u00e9es EXIF de coordonn\u00e9es GPS. Les visiteurs de votre site web peuvent t\u00e9l\u00e9charger et extraire des donn\u00e9es de localisation depuis ces images.\r\n<h3>Cookies. Valider les cookies<\/h3>\r\nCat\u00e9gorie: N\u00e9cessaire (1) Les cookies n\u00e9cessaires permettent de rendre un site Web utilisable en activant des fonctions de base telles que la navigation sur les pages et l\u2019acc\u00e8s \u00e0 des applications s\u00e9curis\u00e9es. zones du site. Le site Web ne peut pas fonctionner correctement sans ces cookies. COOKIE NAME PROVIDER TYPE EXPIRY PHPSESSID espritslibres.design HTTP Dur\u00e9e de la session Description de l\u2019objectif du cookie: Pr\u00e9serve l\u2019\u00e9tat de la session utilisateur lors des requ\u00eates de page Initiateur: serveur Web Source<a href=\"https:\/\/milletplastics.us\/\"> https:\/\/milletplastics.us\/<\/a> Les donn\u00e9es sont envoy\u00e9es: \u00c9tats-Unis Cat\u00e9gorie: Marketing (1) Les cookies de marketing sont utilis\u00e9s pour suivre les visiteurs sur les sites Web. L\u2019intention est d\u2019afficher des annonces pertinentes et engageantes pour l\u2019utilisateur individuel et donc plus pr\u00e9cieux pour les \u00e9diteurs et les annonceurs tiers. COOKIE NAME PROVIDER TYPE EXPIRY NID google.com HTTP 6 months Description de l\u2019objectif du cookie: Inscrit un ID unique qui identifie l\u2019appareil d\u2019un utilisateur revenant. L\u2019ID est utilis\u00e9 pour les annonces cibl\u00e9es. Initiateur: Script rag Source<a href=\"https:\/\/milletplastics.us\/\"> https:\/\/milletplastics.us\/<\/a> Les donn\u00e9es sont envoy\u00e9es: \u00c9tats-Unis\r\n<h3>Formulaires de contact<\/h3>\r\nSi vous d\u00e9posez un commentaire sur notre site, il vous sera propos\u00e9 d\u2019enregistrer votre nom, adresse de messagerie et site web dans des cookies. C\u2019est uniquement pour votre confort afin de ne pas avoir \u00e0 saisir ces informations si vous d\u00e9posez un autre commentaire plus tard. Ces cookies expirent au bout d\u2019un an. Si vous avez un compte et que vous vous connectez sur ce site, un cookie temporaire sera cr\u00e9\u00e9 afin de d\u00e9terminer si votre navigateur accepte les cookies. Il ne contient pas de donn\u00e9es personnelles et sera supprim\u00e9 automatiquement \u00e0 la fermeture de votre navigateur. Lorsque vous vous connecterez, nous mettrons en place un certain nombre de cookies pour enregistrer vos informations de connexion et vos pr\u00e9f\u00e9rences d\u2019\u00e9cran. La dur\u00e9e de vie d\u2019un cookie de connexion est de deux jours, celle d\u2019un cookie d\u2019option d\u2019\u00e9cran est d\u2019un an. Si vous cochez \u00ab Se souvenir de moi \u00bb, votre cookie de connexion sera conserv\u00e9 pendant deux semaines. Si vous vous d\u00e9connectez de votre compte, le cookie de connexion sera effac\u00e9. En modifiant ou en publiant une publication, un cookie suppl\u00e9mentaire sera enregistr\u00e9 dans votre navigateur. Ce cookie ne comprend aucune donn\u00e9e personnelle. Il indique simplement l\u2019ID de la publication que vous venez de modifier. Il expire au bout d\u2019un jour.\r\n<h3>Contenu embarqu\u00e9 depuis d\u2019autres sites<\/h3>\r\nLes articles de ce site peuvent inclure des contenus int\u00e9gr\u00e9s (par exemple des vid\u00e9os, images, articles\u2026). Le contenu int\u00e9gr\u00e9 depuis d\u2019autres sites se comporte de la m\u00eame mani\u00e8re que si le visiteur se rendait sur cet autre site. Ces sites web pourraient collecter des donn\u00e9es sur vous, utiliser des cookies, embarquer des outils de suivis tiers, suivre vos interactions avec ces contenus embarqu\u00e9s si vous disposez d\u2019un compte connect\u00e9 sur leur site web.<hr \/>\r\n<h2>Statistiques et mesures d\u2019audience<\/h2>\r\n<h3>Utilisation et transmission de vos donn\u00e9es personnelles<\/h3>\r\n<h3>Dur\u00e9es de stockage de vos donn\u00e9es<\/h3>\r\nSi vous laissez un commentaire, le commentaire et ses m\u00e9tadonn\u00e9es sont conserv\u00e9s ind\u00e9finiment. Cela permet de reconna\u00eetre et approuver automatiquement les commentaires suivants au lieu de les laisser dans la file de mod\u00e9ration. Pour les utilisateurs et utilisatrices qui s\u2019enregistrent sur notre site (si cela est possible), nous stockons \u00e9galement les donn\u00e9es personnelles indiqu\u00e9es dans leur profil. Tous les utilisateurs et utilisatrices peuvent voir, modifier ou supprimer leurs informations personnelles \u00e0 tout moment (\u00e0 l\u2019exception de leur nom d\u2019utilisateur\u00b7ice). Les gestionnaires du site peuvent aussi voir et modifier ces informations.\r\n<h3>Les droits que vous avez sur vos donn\u00e9es<\/h3>\r\nSi vous avez un compte ou si vous avez laiss\u00e9 des commentaires sur le site, vous pouvez demander \u00e0 recevoir un fichier contenant toutes les donn\u00e9es personnelles que nous poss\u00e9dons \u00e0 votre sujet, incluant celles que vous nous avez fournies. Vous pouvez \u00e9galement demander la suppression des donn\u00e9es personnelles vous concernant. Cela ne prend pas en compte les donn\u00e9es stock\u00e9es \u00e0 des fins administratives, l\u00e9gales ou pour des raisons de s\u00e9curit\u00e9.\r\n<h3>Transmission de vos donn\u00e9es personnelles<\/h3>\r\nLes commentaires des visiteurs peuvent \u00eatre v\u00e9rifi\u00e9s \u00e0 l\u2019aide d\u2019un service automatis\u00e9 de d\u00e9tection des commentaires ind\u00e9sirables.<hr \/>\r\n<h2>Informations de contact<\/h2>\r\n<h3>Comment nous prot\u00e9geons vos donn\u00e9es<\/h3>\r\n<\/div>\r\n<div>MILLET PLASTICS GROUP ne communique jamais vos donn\u00e9es \u00e0 un tiers. Ces donn\u00e9es sont scrupuleusement conserv\u00e9es au sein d\u2019un environnement s\u00e9curis\u00e9 et ne sont pas accessibles publiquement via Internet. Vos donn\u00e9es sont \u00e9galement prot\u00e9g\u00e9s via le protocole HTTPS : tout transfert de donn\u00e9es vers notre site internet est chiffr\u00e9 gr\u00e2ce \u00e0 ce protocole. Proc\u00e9dures mises en \u0153uvre en cas de fuite de donn\u00e9es Toutes fuites de donn\u00e9es fera l\u2019objet d\u2019une notification aux personnes ayant subit ce pr\u00e9judice et d\u2019une d\u00e9claration \u00e0 la CNIL dans un d\u00e9lais de 72 heures. Les services tiers qui nous transmettent des donn\u00e9es Le service Google Analytics nous transmet un certain nombre de donn\u00e9es concernant les visiteurs de notre site internet. Ces donn\u00e9es sont conserv\u00e9s chez Google pendant 26 mois. Ce service a publi\u00e9 sa politique de confidentialit\u00e9 <a href=\"https:\/\/www.google.com\/about\/company\/consentstaging.html\">ici<\/a>. Vous avez la possibilit\u00e9 de d\u00e9sactiver ce tracking en t\u00e9l\u00e9chargeant\u00a0<a href=\"https:\/\/tools.google.com\/dlpage\/gaoptout\/\">ce module. <\/a><\/div>\r\n<\/article>\r\n<\/div>\r\n","protected":false},"excerpt":{"rendered":"<p>Qui sommes-nous ? MILLET PLASTICS GROUP L\u2019adresse de notre site Web est https:\/\/espritslibres.design\/~milletplastique\/ \u00c0 propos de ce site Version 1.0 Ce site a \u00e9t\u00e9 con\u00e7u, en 2019, par Esprits Libres Design. Esprits Libres Design donne acc\u00e8s \u00e0 plusieurs\u00a0expertises du Design\u00a0d\u00e9tenues par nos cr\u00e9ateurs et nos collaborateurs dans le\u00a0design d\u2019exp\u00e9rience,\u00a0design graphique,\u00a0design web\u00a0et\u00a0design de contenus. L\u2019approche de [&hellip;]<\/p>\n","protected":false},"author":5,"featured_media":0,"parent":0,"menu_order":0,"comment_status":"closed","ping_status":"closed","template":"","meta":{"_acf_changed":false,"site-sidebar-layout":"default","site-content-layout":"default","ast-site-content-layout":"default","site-content-style":"default","site-sidebar-style":"default","ast-global-header-display":"","ast-banner-title-visibility":"","ast-main-header-display":"","ast-hfb-above-header-display":"","ast-hfb-below-header-display":"","ast-hfb-mobile-header-display":"","site-post-title":"","ast-breadcrumbs-content":"","ast-featured-img":"","footer-sml-layout":"","ast-disable-related-posts":"","theme-transparent-header-meta":"default","adv-header-id-meta":"","stick-header-meta":"","header-above-stick-meta":"","header-main-stick-meta":"","header-below-stick-meta":"","astra-migrate-meta-layouts":"default","ast-page-background-enabled":"default","ast-page-background-meta":{"desktop":{"background-color":"var(--ast-global-color-4)","background-image":"","background-repeat":"repeat","background-position":"center center","background-size":"auto","background-attachment":"scroll","background-type":"","background-media":"","overlay-type":"","overlay-color":"","overlay-opacity":"","overlay-gradient":""},"tablet":{"background-color":"","background-image":"","background-repeat":"repeat","background-position":"center center","background-size":"auto","background-attachment":"scroll","background-type":"","background-media":"","overlay-type":"","overlay-color":"","overlay-opacity":"","overlay-gradient":""},"mobile":{"background-color":"","background-image":"","background-repeat":"repeat","background-position":"center center","background-size":"auto","background-attachment":"scroll","background-type":"","background-media":"","overlay-type":"","overlay-color":"","overlay-opacity":"","overlay-gradient":""}},"ast-content-background-meta":{"desktop":{"background-color":"var(--ast-global-color-5)","background-image":"","background-repeat":"repeat","background-position":"center center","background-size":"auto","background-attachment":"scroll","background-type":"","background-media":"","overlay-type":"","overlay-color":"","overlay-opacity":"","overlay-gradient":""},"tablet":{"background-color":"var(--ast-global-color-5)","background-image":"","background-repeat":"repeat","background-position":"center center","background-size":"auto","background-attachment":"scroll","background-type":"","background-media":"","overlay-type":"","overlay-color":"","overlay-opacity":"","overlay-gradient":""},"mobile":{"background-color":"var(--ast-global-color-5)","background-image":"","background-repeat":"repeat","background-position":"center center","background-size":"auto","background-attachment":"scroll","background-type":"","background-media":"","overlay-type":"","overlay-color":"","overlay-opacity":"","overlay-gradient":""}},"footnotes":""},"class_list":["post-1506","page","type-page","status-publish","hentry"],"acf":[],"yoast_head":"<!-- This site is optimized with the Yoast SEO plugin v27.3 - https:\/\/yoast.com\/product\/yoast-seo-wordpress\/ -->\n<title>Politique de confidentialit\u00e9 - Millet Plastics Inc<\/title>\n<meta name=\"robots\" content=\"index, follow, max-snippet:-1, max-image-preview:large, max-video-preview:-1\" \/>\n<link rel=\"canonical\" href=\"https:\/\/milletplastics.us\/fr\/politique-de-confidentialite\/\" \/>\n<meta property=\"og:locale\" content=\"fr_FR\" \/>\n<meta property=\"og:type\" content=\"article\" \/>\n<meta property=\"og:title\" content=\"Politique de confidentialit\u00e9 - Millet Plastics Inc\" \/>\n<meta property=\"og:description\" content=\"Qui sommes-nous ? MILLET PLASTICS GROUP L\u2019adresse de notre site Web est https:\/\/espritslibres.design\/~milletplastique\/ \u00c0 propos de ce site Version 1.0 Ce site a \u00e9t\u00e9 con\u00e7u, en 2019, par Esprits Libres Design. Esprits Libres Design donne acc\u00e8s \u00e0 plusieurs\u00a0expertises du Design\u00a0d\u00e9tenues par nos cr\u00e9ateurs et nos collaborateurs dans le\u00a0design d\u2019exp\u00e9rience,\u00a0design graphique,\u00a0design web\u00a0et\u00a0design de contenus. L\u2019approche de [&hellip;]\" \/>\n<meta property=\"og:url\" content=\"https:\/\/milletplastics.us\/fr\/politique-de-confidentialite\/\" \/>\n<meta property=\"og:site_name\" content=\"Millet Plastics Inc\" \/>\n<meta property=\"article:modified_time\" content=\"2026-02-02T18:47:25+00:00\" \/>\n<meta name=\"twitter:card\" content=\"summary_large_image\" \/>\n<meta name=\"twitter:label1\" content=\"Dur\u00e9e de lecture estim\u00e9e\" \/>\n\t<meta name=\"twitter:data1\" content=\"6 minutes\" \/>\n<script type=\"application\/ld+json\" class=\"yoast-schema-graph\">{\"@context\":\"https:\\\/\\\/schema.org\",\"@graph\":[{\"@type\":\"WebPage\",\"@id\":\"https:\\\/\\\/milletplastics.us\\\/fr\\\/politique-de-confidentialite\\\/\",\"url\":\"https:\\\/\\\/milletplastics.us\\\/fr\\\/politique-de-confidentialite\\\/\",\"name\":\"Politique de confidentialit\u00e9 - Millet Plastics Inc\",\"isPartOf\":{\"@id\":\"https:\\\/\\\/milletplastics.us\\\/#website\"},\"datePublished\":\"2019-04-17T13:19:18+00:00\",\"dateModified\":\"2026-02-02T18:47:25+00:00\",\"breadcrumb\":{\"@id\":\"https:\\\/\\\/milletplastics.us\\\/fr\\\/politique-de-confidentialite\\\/#breadcrumb\"},\"inLanguage\":\"fr-FR\",\"potentialAction\":[{\"@type\":\"ReadAction\",\"target\":[\"https:\\\/\\\/milletplastics.us\\\/fr\\\/politique-de-confidentialite\\\/\"]}]},{\"@type\":\"BreadcrumbList\",\"@id\":\"https:\\\/\\\/milletplastics.us\\\/fr\\\/politique-de-confidentialite\\\/#breadcrumb\",\"itemListElement\":[{\"@type\":\"ListItem\",\"position\":1,\"name\":\"Accueil\",\"item\":\"https:\\\/\\\/milletplastics.us\\\/fr\\\/\"},{\"@type\":\"ListItem\",\"position\":2,\"name\":\"Politique de confidentialit\u00e9\"}]},{\"@type\":\"WebSite\",\"@id\":\"https:\\\/\\\/milletplastics.us\\\/#website\",\"url\":\"https:\\\/\\\/milletplastics.us\\\/\",\"name\":\"Millet Plastics Inc\",\"description\":\"Millet Plastics Inc\",\"potentialAction\":[{\"@type\":\"SearchAction\",\"target\":{\"@type\":\"EntryPoint\",\"urlTemplate\":\"https:\\\/\\\/milletplastics.us\\\/?s={search_term_string}\"},\"query-input\":{\"@type\":\"PropertyValueSpecification\",\"valueRequired\":true,\"valueName\":\"search_term_string\"}}],\"inLanguage\":\"fr-FR\"}]}<\/script>\n<!-- \/ Yoast SEO plugin. -->","yoast_head_json":{"title":"Politique de confidentialit\u00e9 - Millet Plastics Inc","robots":{"index":"index","follow":"follow","max-snippet":"max-snippet:-1","max-image-preview":"max-image-preview:large","max-video-preview":"max-video-preview:-1"},"canonical":"https:\/\/milletplastics.us\/fr\/politique-de-confidentialite\/","og_locale":"fr_FR","og_type":"article","og_title":"Politique de confidentialit\u00e9 - Millet Plastics Inc","og_description":"Qui sommes-nous ? MILLET PLASTICS GROUP L\u2019adresse de notre site Web est https:\/\/espritslibres.design\/~milletplastique\/ \u00c0 propos de ce site Version 1.0 Ce site a \u00e9t\u00e9 con\u00e7u, en 2019, par Esprits Libres Design. Esprits Libres Design donne acc\u00e8s \u00e0 plusieurs\u00a0expertises du Design\u00a0d\u00e9tenues par nos cr\u00e9ateurs et nos collaborateurs dans le\u00a0design d\u2019exp\u00e9rience,\u00a0design graphique,\u00a0design web\u00a0et\u00a0design de contenus. L\u2019approche de [&hellip;]","og_url":"https:\/\/milletplastics.us\/fr\/politique-de-confidentialite\/","og_site_name":"Millet Plastics Inc","article_modified_time":"2026-02-02T18:47:25+00:00","twitter_card":"summary_large_image","twitter_misc":{"Dur\u00e9e de lecture estim\u00e9e":"6 minutes"},"schema":{"@context":"https:\/\/schema.org","@graph":[{"@type":"WebPage","@id":"https:\/\/milletplastics.us\/fr\/politique-de-confidentialite\/","url":"https:\/\/milletplastics.us\/fr\/politique-de-confidentialite\/","name":"Politique de confidentialit\u00e9 - Millet Plastics Inc","isPartOf":{"@id":"https:\/\/milletplastics.us\/#website"},"datePublished":"2019-04-17T13:19:18+00:00","dateModified":"2026-02-02T18:47:25+00:00","breadcrumb":{"@id":"https:\/\/milletplastics.us\/fr\/politique-de-confidentialite\/#breadcrumb"},"inLanguage":"fr-FR","potentialAction":[{"@type":"ReadAction","target":["https:\/\/milletplastics.us\/fr\/politique-de-confidentialite\/"]}]},{"@type":"BreadcrumbList","@id":"https:\/\/milletplastics.us\/fr\/politique-de-confidentialite\/#breadcrumb","itemListElement":[{"@type":"ListItem","position":1,"name":"Accueil","item":"https:\/\/milletplastics.us\/fr\/"},{"@type":"ListItem","position":2,"name":"Politique de confidentialit\u00e9"}]},{"@type":"WebSite","@id":"https:\/\/milletplastics.us\/#website","url":"https:\/\/milletplastics.us\/","name":"Millet Plastics Inc","description":"Millet Plastics Inc","potentialAction":[{"@type":"SearchAction","target":{"@type":"EntryPoint","urlTemplate":"https:\/\/milletplastics.us\/?s={search_term_string}"},"query-input":{"@type":"PropertyValueSpecification","valueRequired":true,"valueName":"search_term_string"}}],"inLanguage":"fr-FR"}]}},"_links":{"self":[{"href":"https:\/\/milletplastics.us\/fr\/wp-json\/wp\/v2\/pages\/1506","targetHints":{"allow":["GET"]}}],"collection":[{"href":"https:\/\/milletplastics.us\/fr\/wp-json\/wp\/v2\/pages"}],"about":[{"href":"https:\/\/milletplastics.us\/fr\/wp-json\/wp\/v2\/types\/page"}],"author":[{"embeddable":true,"href":"https:\/\/milletplastics.us\/fr\/wp-json\/wp\/v2\/users\/5"}],"replies":[{"embeddable":true,"href":"https:\/\/milletplastics.us\/fr\/wp-json\/wp\/v2\/comments?post=1506"}],"version-history":[{"count":1,"href":"https:\/\/milletplastics.us\/fr\/wp-json\/wp\/v2\/pages\/1506\/revisions"}],"predecessor-version":[{"id":7196,"href":"https:\/\/milletplastics.us\/fr\/wp-json\/wp\/v2\/pages\/1506\/revisions\/7196"}],"wp:attachment":[{"href":"https:\/\/milletplastics.us\/fr\/wp-json\/wp\/v2\/media?parent=1506"}],"curies":[{"name":"wp","href":"https:\/\/api.w.org\/{rel}","templated":true}]}}