{"id":1181,"date":"2019-02-19T17:54:57","date_gmt":"2019-02-19T17:54:57","guid":{"rendered":"https:\/\/milletplastics.us\/?page_id=1181"},"modified":"2026-02-02T14:47:24","modified_gmt":"2026-02-02T18:47:24","slug":"expertises","status":"publish","type":"page","link":"https:\/\/milletplastics.us\/fr\/expertises\/","title":{"rendered":"Expertises"},"content":{"rendered":"<p>Millet Plastique Canada est sp\u00e9cialis\u00e9e dans la fabrication d\u2019emballages alimentaires en polym\u00e8res. C\u2019est l\u2019utilisation de la technologie de l\u2019<a href=\"https:\/\/milletplastics.us\/blog\/expertise\/extrusion\/\">extrusion-soufflage<\/a>, proc\u00e9d\u00e9\u00a0de\u00a0mise en forme de mat\u00e9riaux polym\u00e8res thermoplastiques qui permet la fabrication de corps creux de contenance variable.<\/p>\n<p>L\u2019\u00e9quipement de cette nouvelle usine est hautement automatis\u00e9 et adapt\u00e9\u00a0aux grandes s\u00e9ries. L\u2019ensemble de sa production est r\u00e9alis\u00e9 dans un environnement adapt\u00e9 aux exigences sanitaires alimentaires.<\/p>\n<p>Millet Plastique Canada b\u00e9n\u00e9ficie de l\u2019expertise de son \u00e9quipe r\u00e9active et fiable. L\u2019usine de Granby dispose de <a href=\"https:\/\/milletplastics.us\/culture-employeur-millet\/\">travailleurs hautement qualifi\u00e9s<\/a> tirant avantage d\u2019une exp\u00e9rience r\u00e9gionale sp\u00e9cialis\u00e9e dans la production plastique et\/ou alimentaire.<\/p>\n<p>L\u2019\u00e9quipe canadienne est soutenue par la forte exp\u00e9rience de l\u2019<a href=\"https:\/\/www.milletplastics-group.com\/\" target=\"_blank\" rel=\"noopener noreferrer\">organisation bas\u00e9e en France<\/a>, r\u00e9pondant \u00e0 des exigences de qualit\u00e9 tr\u00e8s \u00e9lev\u00e9es.<\/p>\n","protected":false},"excerpt":{"rendered":"<p>Millet Plastique Canada est sp\u00e9cialis\u00e9e dans la fabrication d\u2019emballages alimentaires en polym\u00e8res. C\u2019est l\u2019utilisation de la technologie de l\u2019extrusion-soufflage, proc\u00e9d\u00e9\u00a0de\u00a0mise en forme de mat\u00e9riaux polym\u00e8res thermoplastiques qui permet la fabrication de corps creux de contenance variable. L\u2019\u00e9quipement de cette nouvelle usine est hautement automatis\u00e9 et adapt\u00e9\u00a0aux grandes s\u00e9ries. L\u2019ensemble de sa production est r\u00e9alis\u00e9 dans [&hellip;]<\/p>\n","protected":false},"author":5,"featured_media":889,"parent":0,"menu_order":0,"comment_status":"closed","ping_status":"closed","template":"","meta":{"_acf_changed":false,"site-sidebar-layout":"default","site-content-layout":"","ast-site-content-layout":"default","site-content-style":"default","site-sidebar-style":"default","ast-global-header-display":"","ast-banner-title-visibility":"","ast-main-header-display":"","ast-hfb-above-header-display":"","ast-hfb-below-header-display":"","ast-hfb-mobile-header-display":"","site-post-title":"","ast-breadcrumbs-content":"","ast-featured-img":"","footer-sml-layout":"","ast-disable-related-posts":"","theme-transparent-header-meta":"","adv-header-id-meta":"","stick-header-meta":"","header-above-stick-meta":"","header-main-stick-meta":"","header-below-stick-meta":"","astra-migrate-meta-layouts":"default","ast-page-background-enabled":"default","ast-page-background-meta":{"desktop":{"background-color":"var(--ast-global-color-4)","background-image":"","background-repeat":"repeat","background-position":"center center","background-size":"auto","background-attachment":"scroll","background-type":"","background-media":"","overlay-type":"","overlay-color":"","overlay-opacity":"","overlay-gradient":""},"tablet":{"background-color":"","background-image":"","background-repeat":"repeat","background-position":"center center","background-size":"auto","background-attachment":"scroll","background-type":"","background-media":"","overlay-type":"","overlay-color":"","overlay-opacity":"","overlay-gradient":""},"mobile":{"background-color":"","background-image":"","background-repeat":"repeat","background-position":"center center","background-size":"auto","background-attachment":"scroll","background-type":"","background-media":"","overlay-type":"","overlay-color":"","overlay-opacity":"","overlay-gradient":""}},"ast-content-background-meta":{"desktop":{"background-color":"var(--ast-global-color-5)","background-image":"","background-repeat":"repeat","background-position":"center center","background-size":"auto","background-attachment":"scroll","background-type":"","background-media":"","overlay-type":"","overlay-color":"","overlay-opacity":"","overlay-gradient":""},"tablet":{"background-color":"var(--ast-global-color-5)","background-image":"","background-repeat":"repeat","background-position":"center center","background-size":"auto","background-attachment":"scroll","background-type":"","background-media":"","overlay-type":"","overlay-color":"","overlay-opacity":"","overlay-gradient":""},"mobile":{"background-color":"var(--ast-global-color-5)","background-image":"","background-repeat":"repeat","background-position":"center center","background-size":"auto","background-attachment":"scroll","background-type":"","background-media":"","overlay-type":"","overlay-color":"","overlay-opacity":"","overlay-gradient":""}},"footnotes":""},"class_list":["post-1181","page","type-page","status-publish","has-post-thumbnail","hentry"],"acf":[],"yoast_head":"<!-- This site is optimized with the Yoast SEO plugin v27.4 - https:\/\/yoast.com\/product\/yoast-seo-wordpress\/ -->\n<title>Expertises - Millet Plastics Inc<\/title>\n<meta name=\"robots\" content=\"index, follow, max-snippet:-1, max-image-preview:large, max-video-preview:-1\" \/>\n<link rel=\"canonical\" href=\"https:\/\/milletplastics.us\/fr\/expertises\/\" \/>\n<meta property=\"og:locale\" content=\"fr_FR\" \/>\n<meta property=\"og:type\" content=\"article\" \/>\n<meta property=\"og:title\" content=\"Expertises - Millet Plastics Inc\" \/>\n<meta property=\"og:description\" content=\"Millet Plastique Canada est sp\u00e9cialis\u00e9e dans la fabrication d\u2019emballages alimentaires en polym\u00e8res. C\u2019est l\u2019utilisation de la technologie de l\u2019extrusion-soufflage, proc\u00e9d\u00e9\u00a0de\u00a0mise en forme de mat\u00e9riaux polym\u00e8res thermoplastiques qui permet la fabrication de corps creux de contenance variable. L\u2019\u00e9quipement de cette nouvelle usine est hautement automatis\u00e9 et adapt\u00e9\u00a0aux grandes s\u00e9ries. L\u2019ensemble de sa production est r\u00e9alis\u00e9 dans [&hellip;]\" \/>\n<meta property=\"og:url\" content=\"https:\/\/milletplastics.us\/fr\/expertises\/\" \/>\n<meta property=\"og:site_name\" content=\"Millet Plastics Inc\" \/>\n<meta property=\"article:modified_time\" content=\"2026-02-02T18:47:24+00:00\" \/>\n<meta property=\"og:image\" content=\"https:\/\/milletplastics.us\/wp-content\/uploads\/2018\/12\/AdobeStock_198124270.jpeg\" \/>\n\t<meta property=\"og:image:width\" content=\"6000\" \/>\n\t<meta property=\"og:image:height\" content=\"4000\" \/>\n\t<meta property=\"og:image:type\" content=\"image\/jpeg\" \/>\n<meta name=\"twitter:card\" content=\"summary_large_image\" \/>\n<meta name=\"twitter:label1\" content=\"Dur\u00e9e de lecture estim\u00e9e\" \/>\n\t<meta name=\"twitter:data1\" content=\"1 minute\" \/>\n<script type=\"application\/ld+json\" class=\"yoast-schema-graph\">{\"@context\":\"https:\\\/\\\/schema.org\",\"@graph\":[{\"@type\":\"WebPage\",\"@id\":\"https:\\\/\\\/milletplastics.us\\\/fr\\\/expertises\\\/\",\"url\":\"https:\\\/\\\/milletplastics.us\\\/fr\\\/expertises\\\/\",\"name\":\"Expertises - Millet Plastics Inc\",\"isPartOf\":{\"@id\":\"https:\\\/\\\/milletplastics.us\\\/#website\"},\"primaryImageOfPage\":{\"@id\":\"https:\\\/\\\/milletplastics.us\\\/fr\\\/expertises\\\/#primaryimage\"},\"image\":{\"@id\":\"https:\\\/\\\/milletplastics.us\\\/fr\\\/expertises\\\/#primaryimage\"},\"thumbnailUrl\":\"https:\\\/\\\/milletplastics.us\\\/wp-content\\\/uploads\\\/2018\\\/12\\\/AdobeStock_198124270.jpeg\",\"datePublished\":\"2019-02-19T17:54:57+00:00\",\"dateModified\":\"2026-02-02T18:47:24+00:00\",\"breadcrumb\":{\"@id\":\"https:\\\/\\\/milletplastics.us\\\/fr\\\/expertises\\\/#breadcrumb\"},\"inLanguage\":\"fr-FR\",\"potentialAction\":[{\"@type\":\"ReadAction\",\"target\":[\"https:\\\/\\\/milletplastics.us\\\/fr\\\/expertises\\\/\"]}]},{\"@type\":\"ImageObject\",\"inLanguage\":\"fr-FR\",\"@id\":\"https:\\\/\\\/milletplastics.us\\\/fr\\\/expertises\\\/#primaryimage\",\"url\":\"https:\\\/\\\/milletplastics.us\\\/wp-content\\\/uploads\\\/2018\\\/12\\\/AdobeStock_198124270.jpeg\",\"contentUrl\":\"https:\\\/\\\/milletplastics.us\\\/wp-content\\\/uploads\\\/2018\\\/12\\\/AdobeStock_198124270.jpeg\",\"width\":6000,\"height\":4000,\"caption\":\"Expertises\"},{\"@type\":\"BreadcrumbList\",\"@id\":\"https:\\\/\\\/milletplastics.us\\\/fr\\\/expertises\\\/#breadcrumb\",\"itemListElement\":[{\"@type\":\"ListItem\",\"position\":1,\"name\":\"Accueil\",\"item\":\"https:\\\/\\\/milletplastics.us\\\/fr\\\/\"},{\"@type\":\"ListItem\",\"position\":2,\"name\":\"Expertises\"}]},{\"@type\":\"WebSite\",\"@id\":\"https:\\\/\\\/milletplastics.us\\\/#website\",\"url\":\"https:\\\/\\\/milletplastics.us\\\/\",\"name\":\"Millet Plastics Inc\",\"description\":\"Millet Plastics Inc\",\"potentialAction\":[{\"@type\":\"SearchAction\",\"target\":{\"@type\":\"EntryPoint\",\"urlTemplate\":\"https:\\\/\\\/milletplastics.us\\\/?s={search_term_string}\"},\"query-input\":{\"@type\":\"PropertyValueSpecification\",\"valueRequired\":true,\"valueName\":\"search_term_string\"}}],\"inLanguage\":\"fr-FR\"}]}<\/script>\n<!-- \/ Yoast SEO plugin. -->","yoast_head_json":{"title":"Expertises - Millet Plastics Inc","robots":{"index":"index","follow":"follow","max-snippet":"max-snippet:-1","max-image-preview":"max-image-preview:large","max-video-preview":"max-video-preview:-1"},"canonical":"https:\/\/milletplastics.us\/fr\/expertises\/","og_locale":"fr_FR","og_type":"article","og_title":"Expertises - Millet Plastics Inc","og_description":"Millet Plastique Canada est sp\u00e9cialis\u00e9e dans la fabrication d\u2019emballages alimentaires en polym\u00e8res. C\u2019est l\u2019utilisation de la technologie de l\u2019extrusion-soufflage, proc\u00e9d\u00e9\u00a0de\u00a0mise en forme de mat\u00e9riaux polym\u00e8res thermoplastiques qui permet la fabrication de corps creux de contenance variable. L\u2019\u00e9quipement de cette nouvelle usine est hautement automatis\u00e9 et adapt\u00e9\u00a0aux grandes s\u00e9ries. L\u2019ensemble de sa production est r\u00e9alis\u00e9 dans [&hellip;]","og_url":"https:\/\/milletplastics.us\/fr\/expertises\/","og_site_name":"Millet Plastics Inc","article_modified_time":"2026-02-02T18:47:24+00:00","og_image":[{"width":6000,"height":4000,"url":"https:\/\/milletplastics.us\/wp-content\/uploads\/2018\/12\/AdobeStock_198124270.jpeg","type":"image\/jpeg"}],"twitter_card":"summary_large_image","twitter_misc":{"Dur\u00e9e de lecture estim\u00e9e":"1 minute"},"schema":{"@context":"https:\/\/schema.org","@graph":[{"@type":"WebPage","@id":"https:\/\/milletplastics.us\/fr\/expertises\/","url":"https:\/\/milletplastics.us\/fr\/expertises\/","name":"Expertises - Millet Plastics Inc","isPartOf":{"@id":"https:\/\/milletplastics.us\/#website"},"primaryImageOfPage":{"@id":"https:\/\/milletplastics.us\/fr\/expertises\/#primaryimage"},"image":{"@id":"https:\/\/milletplastics.us\/fr\/expertises\/#primaryimage"},"thumbnailUrl":"https:\/\/milletplastics.us\/wp-content\/uploads\/2018\/12\/AdobeStock_198124270.jpeg","datePublished":"2019-02-19T17:54:57+00:00","dateModified":"2026-02-02T18:47:24+00:00","breadcrumb":{"@id":"https:\/\/milletplastics.us\/fr\/expertises\/#breadcrumb"},"inLanguage":"fr-FR","potentialAction":[{"@type":"ReadAction","target":["https:\/\/milletplastics.us\/fr\/expertises\/"]}]},{"@type":"ImageObject","inLanguage":"fr-FR","@id":"https:\/\/milletplastics.us\/fr\/expertises\/#primaryimage","url":"https:\/\/milletplastics.us\/wp-content\/uploads\/2018\/12\/AdobeStock_198124270.jpeg","contentUrl":"https:\/\/milletplastics.us\/wp-content\/uploads\/2018\/12\/AdobeStock_198124270.jpeg","width":6000,"height":4000,"caption":"Expertises"},{"@type":"BreadcrumbList","@id":"https:\/\/milletplastics.us\/fr\/expertises\/#breadcrumb","itemListElement":[{"@type":"ListItem","position":1,"name":"Accueil","item":"https:\/\/milletplastics.us\/fr\/"},{"@type":"ListItem","position":2,"name":"Expertises"}]},{"@type":"WebSite","@id":"https:\/\/milletplastics.us\/#website","url":"https:\/\/milletplastics.us\/","name":"Millet Plastics Inc","description":"Millet Plastics Inc","potentialAction":[{"@type":"SearchAction","target":{"@type":"EntryPoint","urlTemplate":"https:\/\/milletplastics.us\/?s={search_term_string}"},"query-input":{"@type":"PropertyValueSpecification","valueRequired":true,"valueName":"search_term_string"}}],"inLanguage":"fr-FR"}]}},"_links":{"self":[{"href":"https:\/\/milletplastics.us\/fr\/wp-json\/wp\/v2\/pages\/1181","targetHints":{"allow":["GET"]}}],"collection":[{"href":"https:\/\/milletplastics.us\/fr\/wp-json\/wp\/v2\/pages"}],"about":[{"href":"https:\/\/milletplastics.us\/fr\/wp-json\/wp\/v2\/types\/page"}],"author":[{"embeddable":true,"href":"https:\/\/milletplastics.us\/fr\/wp-json\/wp\/v2\/users\/5"}],"replies":[{"embeddable":true,"href":"https:\/\/milletplastics.us\/fr\/wp-json\/wp\/v2\/comments?post=1181"}],"version-history":[{"count":1,"href":"https:\/\/milletplastics.us\/fr\/wp-json\/wp\/v2\/pages\/1181\/revisions"}],"predecessor-version":[{"id":7190,"href":"https:\/\/milletplastics.us\/fr\/wp-json\/wp\/v2\/pages\/1181\/revisions\/7190"}],"wp:featuredmedia":[{"embeddable":true,"href":"https:\/\/milletplastics.us\/fr\/wp-json\/wp\/v2\/media\/889"}],"wp:attachment":[{"href":"https:\/\/milletplastics.us\/fr\/wp-json\/wp\/v2\/media?parent=1181"}],"curies":[{"name":"wp","href":"https:\/\/api.w.org\/{rel}","templated":true}]}}