{"id":1136,"date":"2019-02-19T16:56:07","date_gmt":"2019-02-19T16:56:07","guid":{"rendered":"https:\/\/milletplastics.us\/?page_id=1136"},"modified":"2026-02-02T14:47:24","modified_gmt":"2026-02-02T18:47:24","slug":"culture-employeur-millet","status":"publish","type":"page","link":"https:\/\/milletplastics.us\/fr\/culture-employeur-millet\/","title":{"rendered":"L&rsquo;exp\u00e9rience Millet"},"content":{"rendered":"<p>La strat\u00e9gie du groupe Millet en mati\u00e8re d\u2019\u00e9thique des affaires et de politique sociale est document\u00e9e par la mise en place d\u2019une Charte sociale, valable pour toutes les filiales du groupe ainsi que d\u2019une charte sur l\u2019\u00c9thique des affaires.<\/p>\n<p>Ainsi le bien-\u00eatre des employ\u00e9s et une \u00e9quit\u00e9 \u00e0 tous les \u00e9gards sont au centre des pr\u00e9occupations de la gestion des ressources humaines.<\/p>\n<p>L\u2019interdiction de toute forme de discrimination, le respect du temps de travail et le maintien d\u2019un environnement sain et s\u00fbr font partie de la liste des engagements pour l\u2019ensemble du groupe.<\/p>\n","protected":false},"excerpt":{"rendered":"<p>La strat\u00e9gie du groupe Millet en mati\u00e8re d\u2019\u00e9thique des affaires et de politique sociale est document\u00e9e par la mise en place d\u2019une Charte sociale, valable pour toutes les filiales du groupe ainsi que d\u2019une charte sur l\u2019\u00c9thique des affaires. Ainsi le bien-\u00eatre des employ\u00e9s et une \u00e9quit\u00e9 \u00e0 tous les \u00e9gards sont au centre des [&hellip;]<\/p>\n","protected":false},"author":5,"featured_media":640,"parent":0,"menu_order":0,"comment_status":"closed","ping_status":"closed","template":"","meta":{"_acf_changed":false,"site-sidebar-layout":"default","site-content-layout":"default","ast-site-content-layout":"default","site-content-style":"default","site-sidebar-style":"default","ast-global-header-display":"","ast-banner-title-visibility":"","ast-main-header-display":"","ast-hfb-above-header-display":"","ast-hfb-below-header-display":"","ast-hfb-mobile-header-display":"","site-post-title":"","ast-breadcrumbs-content":"","ast-featured-img":"","footer-sml-layout":"","ast-disable-related-posts":"","theme-transparent-header-meta":"default","adv-header-id-meta":"","stick-header-meta":"","header-above-stick-meta":"","header-main-stick-meta":"","header-below-stick-meta":"","astra-migrate-meta-layouts":"default","ast-page-background-enabled":"default","ast-page-background-meta":{"desktop":{"background-color":"var(--ast-global-color-4)","background-image":"","background-repeat":"repeat","background-position":"center center","background-size":"auto","background-attachment":"scroll","background-type":"","background-media":"","overlay-type":"","overlay-color":"","overlay-opacity":"","overlay-gradient":""},"tablet":{"background-color":"","background-image":"","background-repeat":"repeat","background-position":"center center","background-size":"auto","background-attachment":"scroll","background-type":"","background-media":"","overlay-type":"","overlay-color":"","overlay-opacity":"","overlay-gradient":""},"mobile":{"background-color":"","background-image":"","background-repeat":"repeat","background-position":"center center","background-size":"auto","background-attachment":"scroll","background-type":"","background-media":"","overlay-type":"","overlay-color":"","overlay-opacity":"","overlay-gradient":""}},"ast-content-background-meta":{"desktop":{"background-color":"var(--ast-global-color-5)","background-image":"","background-repeat":"repeat","background-position":"center center","background-size":"auto","background-attachment":"scroll","background-type":"","background-media":"","overlay-type":"","overlay-color":"","overlay-opacity":"","overlay-gradient":""},"tablet":{"background-color":"var(--ast-global-color-5)","background-image":"","background-repeat":"repeat","background-position":"center center","background-size":"auto","background-attachment":"scroll","background-type":"","background-media":"","overlay-type":"","overlay-color":"","overlay-opacity":"","overlay-gradient":""},"mobile":{"background-color":"var(--ast-global-color-5)","background-image":"","background-repeat":"repeat","background-position":"center center","background-size":"auto","background-attachment":"scroll","background-type":"","background-media":"","overlay-type":"","overlay-color":"","overlay-opacity":"","overlay-gradient":""}},"footnotes":""},"class_list":["post-1136","page","type-page","status-publish","has-post-thumbnail","hentry"],"acf":[],"yoast_head":"<!-- This site is optimized with the Yoast SEO plugin v27.4 - https:\/\/yoast.com\/product\/yoast-seo-wordpress\/ -->\n<title>L&#039;exp\u00e9rience Millet - Millet Plastics Inc<\/title>\n<meta name=\"robots\" content=\"index, follow, max-snippet:-1, max-image-preview:large, max-video-preview:-1\" \/>\n<link rel=\"canonical\" href=\"https:\/\/milletplastics.us\/fr\/culture-employeur-millet\/\" \/>\n<meta property=\"og:locale\" content=\"fr_FR\" \/>\n<meta property=\"og:type\" content=\"article\" \/>\n<meta property=\"og:title\" content=\"L&#039;exp\u00e9rience Millet - Millet Plastics Inc\" \/>\n<meta property=\"og:description\" content=\"La strat\u00e9gie du groupe Millet en mati\u00e8re d\u2019\u00e9thique des affaires et de politique sociale est document\u00e9e par la mise en place d\u2019une Charte sociale, valable pour toutes les filiales du groupe ainsi que d\u2019une charte sur l\u2019\u00c9thique des affaires. Ainsi le bien-\u00eatre des employ\u00e9s et une \u00e9quit\u00e9 \u00e0 tous les \u00e9gards sont au centre des [&hellip;]\" \/>\n<meta property=\"og:url\" content=\"https:\/\/milletplastics.us\/fr\/culture-employeur-millet\/\" \/>\n<meta property=\"og:site_name\" content=\"Millet Plastics Inc\" \/>\n<meta property=\"article:modified_time\" content=\"2026-02-02T18:47:24+00:00\" \/>\n<meta property=\"og:image\" content=\"https:\/\/milletplastics.us\/wp-content\/uploads\/2018\/12\/DSC_0167-copie-1-1.jpg\" \/>\n\t<meta property=\"og:image:width\" content=\"3216\" \/>\n\t<meta property=\"og:image:height\" content=\"2136\" \/>\n\t<meta property=\"og:image:type\" content=\"image\/jpeg\" \/>\n<meta name=\"twitter:card\" content=\"summary_large_image\" \/>\n<meta name=\"twitter:label1\" content=\"Dur\u00e9e de lecture estim\u00e9e\" \/>\n\t<meta name=\"twitter:data1\" content=\"1 minute\" \/>\n<script type=\"application\/ld+json\" class=\"yoast-schema-graph\">{\"@context\":\"https:\\\/\\\/schema.org\",\"@graph\":[{\"@type\":\"WebPage\",\"@id\":\"https:\\\/\\\/milletplastics.us\\\/fr\\\/culture-employeur-millet\\\/\",\"url\":\"https:\\\/\\\/milletplastics.us\\\/fr\\\/culture-employeur-millet\\\/\",\"name\":\"L'exp\u00e9rience Millet - Millet Plastics Inc\",\"isPartOf\":{\"@id\":\"https:\\\/\\\/milletplastics.us\\\/#website\"},\"primaryImageOfPage\":{\"@id\":\"https:\\\/\\\/milletplastics.us\\\/fr\\\/culture-employeur-millet\\\/#primaryimage\"},\"image\":{\"@id\":\"https:\\\/\\\/milletplastics.us\\\/fr\\\/culture-employeur-millet\\\/#primaryimage\"},\"thumbnailUrl\":\"https:\\\/\\\/milletplastics.us\\\/wp-content\\\/uploads\\\/2018\\\/12\\\/DSC_0167-copie-1-1.jpg\",\"datePublished\":\"2019-02-19T16:56:07+00:00\",\"dateModified\":\"2026-02-02T18:47:24+00:00\",\"breadcrumb\":{\"@id\":\"https:\\\/\\\/milletplastics.us\\\/fr\\\/culture-employeur-millet\\\/#breadcrumb\"},\"inLanguage\":\"fr-FR\",\"potentialAction\":[{\"@type\":\"ReadAction\",\"target\":[\"https:\\\/\\\/milletplastics.us\\\/fr\\\/culture-employeur-millet\\\/\"]}]},{\"@type\":\"ImageObject\",\"inLanguage\":\"fr-FR\",\"@id\":\"https:\\\/\\\/milletplastics.us\\\/fr\\\/culture-employeur-millet\\\/#primaryimage\",\"url\":\"https:\\\/\\\/milletplastics.us\\\/wp-content\\\/uploads\\\/2018\\\/12\\\/DSC_0167-copie-1-1.jpg\",\"contentUrl\":\"https:\\\/\\\/milletplastics.us\\\/wp-content\\\/uploads\\\/2018\\\/12\\\/DSC_0167-copie-1-1.jpg\",\"width\":3216,\"height\":2136},{\"@type\":\"BreadcrumbList\",\"@id\":\"https:\\\/\\\/milletplastics.us\\\/fr\\\/culture-employeur-millet\\\/#breadcrumb\",\"itemListElement\":[{\"@type\":\"ListItem\",\"position\":1,\"name\":\"Accueil\",\"item\":\"https:\\\/\\\/milletplastics.us\\\/fr\\\/\"},{\"@type\":\"ListItem\",\"position\":2,\"name\":\"L&#8217;exp\u00e9rience Millet\"}]},{\"@type\":\"WebSite\",\"@id\":\"https:\\\/\\\/milletplastics.us\\\/#website\",\"url\":\"https:\\\/\\\/milletplastics.us\\\/\",\"name\":\"Millet Plastics Inc\",\"description\":\"Millet Plastics Inc\",\"potentialAction\":[{\"@type\":\"SearchAction\",\"target\":{\"@type\":\"EntryPoint\",\"urlTemplate\":\"https:\\\/\\\/milletplastics.us\\\/?s={search_term_string}\"},\"query-input\":{\"@type\":\"PropertyValueSpecification\",\"valueRequired\":true,\"valueName\":\"search_term_string\"}}],\"inLanguage\":\"fr-FR\"}]}<\/script>\n<!-- \/ Yoast SEO plugin. -->","yoast_head_json":{"title":"L'exp\u00e9rience Millet - Millet Plastics Inc","robots":{"index":"index","follow":"follow","max-snippet":"max-snippet:-1","max-image-preview":"max-image-preview:large","max-video-preview":"max-video-preview:-1"},"canonical":"https:\/\/milletplastics.us\/fr\/culture-employeur-millet\/","og_locale":"fr_FR","og_type":"article","og_title":"L'exp\u00e9rience Millet - Millet Plastics Inc","og_description":"La strat\u00e9gie du groupe Millet en mati\u00e8re d\u2019\u00e9thique des affaires et de politique sociale est document\u00e9e par la mise en place d\u2019une Charte sociale, valable pour toutes les filiales du groupe ainsi que d\u2019une charte sur l\u2019\u00c9thique des affaires. Ainsi le bien-\u00eatre des employ\u00e9s et une \u00e9quit\u00e9 \u00e0 tous les \u00e9gards sont au centre des [&hellip;]","og_url":"https:\/\/milletplastics.us\/fr\/culture-employeur-millet\/","og_site_name":"Millet Plastics Inc","article_modified_time":"2026-02-02T18:47:24+00:00","og_image":[{"width":3216,"height":2136,"url":"https:\/\/milletplastics.us\/wp-content\/uploads\/2018\/12\/DSC_0167-copie-1-1.jpg","type":"image\/jpeg"}],"twitter_card":"summary_large_image","twitter_misc":{"Dur\u00e9e de lecture estim\u00e9e":"1 minute"},"schema":{"@context":"https:\/\/schema.org","@graph":[{"@type":"WebPage","@id":"https:\/\/milletplastics.us\/fr\/culture-employeur-millet\/","url":"https:\/\/milletplastics.us\/fr\/culture-employeur-millet\/","name":"L'exp\u00e9rience Millet - Millet Plastics Inc","isPartOf":{"@id":"https:\/\/milletplastics.us\/#website"},"primaryImageOfPage":{"@id":"https:\/\/milletplastics.us\/fr\/culture-employeur-millet\/#primaryimage"},"image":{"@id":"https:\/\/milletplastics.us\/fr\/culture-employeur-millet\/#primaryimage"},"thumbnailUrl":"https:\/\/milletplastics.us\/wp-content\/uploads\/2018\/12\/DSC_0167-copie-1-1.jpg","datePublished":"2019-02-19T16:56:07+00:00","dateModified":"2026-02-02T18:47:24+00:00","breadcrumb":{"@id":"https:\/\/milletplastics.us\/fr\/culture-employeur-millet\/#breadcrumb"},"inLanguage":"fr-FR","potentialAction":[{"@type":"ReadAction","target":["https:\/\/milletplastics.us\/fr\/culture-employeur-millet\/"]}]},{"@type":"ImageObject","inLanguage":"fr-FR","@id":"https:\/\/milletplastics.us\/fr\/culture-employeur-millet\/#primaryimage","url":"https:\/\/milletplastics.us\/wp-content\/uploads\/2018\/12\/DSC_0167-copie-1-1.jpg","contentUrl":"https:\/\/milletplastics.us\/wp-content\/uploads\/2018\/12\/DSC_0167-copie-1-1.jpg","width":3216,"height":2136},{"@type":"BreadcrumbList","@id":"https:\/\/milletplastics.us\/fr\/culture-employeur-millet\/#breadcrumb","itemListElement":[{"@type":"ListItem","position":1,"name":"Accueil","item":"https:\/\/milletplastics.us\/fr\/"},{"@type":"ListItem","position":2,"name":"L&#8217;exp\u00e9rience Millet"}]},{"@type":"WebSite","@id":"https:\/\/milletplastics.us\/#website","url":"https:\/\/milletplastics.us\/","name":"Millet Plastics Inc","description":"Millet Plastics Inc","potentialAction":[{"@type":"SearchAction","target":{"@type":"EntryPoint","urlTemplate":"https:\/\/milletplastics.us\/?s={search_term_string}"},"query-input":{"@type":"PropertyValueSpecification","valueRequired":true,"valueName":"search_term_string"}}],"inLanguage":"fr-FR"}]}},"_links":{"self":[{"href":"https:\/\/milletplastics.us\/fr\/wp-json\/wp\/v2\/pages\/1136","targetHints":{"allow":["GET"]}}],"collection":[{"href":"https:\/\/milletplastics.us\/fr\/wp-json\/wp\/v2\/pages"}],"about":[{"href":"https:\/\/milletplastics.us\/fr\/wp-json\/wp\/v2\/types\/page"}],"author":[{"embeddable":true,"href":"https:\/\/milletplastics.us\/fr\/wp-json\/wp\/v2\/users\/5"}],"replies":[{"embeddable":true,"href":"https:\/\/milletplastics.us\/fr\/wp-json\/wp\/v2\/comments?post=1136"}],"version-history":[{"count":1,"href":"https:\/\/milletplastics.us\/fr\/wp-json\/wp\/v2\/pages\/1136\/revisions"}],"predecessor-version":[{"id":7191,"href":"https:\/\/milletplastics.us\/fr\/wp-json\/wp\/v2\/pages\/1136\/revisions\/7191"}],"wp:featuredmedia":[{"embeddable":true,"href":"https:\/\/milletplastics.us\/fr\/wp-json\/wp\/v2\/media\/640"}],"wp:attachment":[{"href":"https:\/\/milletplastics.us\/fr\/wp-json\/wp\/v2\/media?parent=1136"}],"curies":[{"name":"wp","href":"https:\/\/api.w.org\/{rel}","templated":true}]}}