{"id":1124,"date":"2019-02-19T16:05:14","date_gmt":"2019-02-19T16:05:14","guid":{"rendered":"https:\/\/milletplastics.us\/?page_id=1124"},"modified":"2026-02-02T14:47:23","modified_gmt":"2026-02-02T18:47:23","slug":"co-conception","status":"publish","type":"page","link":"https:\/\/milletplastics.us\/fr\/co-conception\/","title":{"rendered":"Co-conception"},"content":{"rendered":"<p>L&rsquo;\u00e9quipe de Millet Plastics Group vous invite \u00e0 partager vos enjeux de conception. Nous valorisons la co-cr\u00e9ation pour toutes les probl\u00e9matiques li\u00e9es au design, \u00e0 la conception ou \u00e0 la modification d\u2019emballages alimentaires produits par extrusion soufflage.<\/p>\n<p>Notre \u00e9quipe de <a href=\"https:\/\/milletplastics.us\/design-sur-mesure-recherche-et-developpement\/\">R&amp;D,<\/a> bas\u00e9e au <a href=\"https:\/\/www.milletplastics-group.com\/\" target=\"_blank\" rel=\"noopener noreferrer\">si\u00e8ge de la soci\u00e9t\u00e9<\/a> en France, est une extension efficace de votre bureau d\u2019\u00e9tudes.<\/p>\n<p>Notre approche personnalis\u00e9e permet d\u2019optimiser les r\u00e9sultats que vous attendez, pour notre succ\u00e8s partag\u00e9. Elle permet de tirer profit des plus r\u00e9centes tendances, d&rsquo;accro\u00eetre la capacit\u00e9 \u00e0 g\u00e9n\u00e9rer des id\u00e9es nouvelles et d&rsquo;user d\u2019audace (\u00e0 risque r\u00e9duit) pour innover. C\u2019est gr\u00e2ce \u00e0 leurs alliances que <a href=\"https:\/\/www.milletplastics-group.com\/\" target=\"_blank\" rel=\"noopener noreferrer\">Millet Plastics Group<\/a> et ses partenaires demeurent comp\u00e9titifs sur le march\u00e9 mondial.<\/p>\n<p>En partant d\u2019une simple id\u00e9e ou d\u2019un cahier des charges \u00e9labor\u00e9, nous vous accompagnerons dans les \u00e9tapes successives menant \u00e0 l\u2019industrialisation de votre produit, dont certaines sont facultatives :<\/p>\n<ul>\n<li>Brief cr\u00e9atif ou cahier des charges<\/li>\n<li>Analyse des requ\u00eates<\/li>\n<li>Pr\u00e9sentation des r\u00e9sultats de l\u2019analyse<\/li>\n<li>Proposition optimis\u00e9e tenant compte des contraintes techniques<\/li>\n<\/ul>\n","protected":false},"excerpt":{"rendered":"<p>L&rsquo;\u00e9quipe de Millet Plastics Group vous invite \u00e0 partager vos enjeux de conception. Nous valorisons la co-cr\u00e9ation pour toutes les probl\u00e9matiques li\u00e9es au design, \u00e0 la conception ou \u00e0 la modification d\u2019emballages alimentaires produits par extrusion soufflage. Notre \u00e9quipe de R&amp;D, bas\u00e9e au si\u00e8ge de la soci\u00e9t\u00e9 en France, est une extension efficace de votre [&hellip;]<\/p>\n","protected":false},"author":5,"featured_media":780,"parent":0,"menu_order":0,"comment_status":"closed","ping_status":"closed","template":"","meta":{"_acf_changed":false,"site-sidebar-layout":"default","site-content-layout":"default","ast-site-content-layout":"default","site-content-style":"default","site-sidebar-style":"default","ast-global-header-display":"","ast-banner-title-visibility":"","ast-main-header-display":"","ast-hfb-above-header-display":"","ast-hfb-below-header-display":"","ast-hfb-mobile-header-display":"","site-post-title":"","ast-breadcrumbs-content":"","ast-featured-img":"","footer-sml-layout":"","ast-disable-related-posts":"","theme-transparent-header-meta":"default","adv-header-id-meta":"","stick-header-meta":"","header-above-stick-meta":"","header-main-stick-meta":"","header-below-stick-meta":"","astra-migrate-meta-layouts":"default","ast-page-background-enabled":"default","ast-page-background-meta":{"desktop":{"background-color":"var(--ast-global-color-4)","background-image":"","background-repeat":"repeat","background-position":"center center","background-size":"auto","background-attachment":"scroll","background-type":"","background-media":"","overlay-type":"","overlay-color":"","overlay-opacity":"","overlay-gradient":""},"tablet":{"background-color":"","background-image":"","background-repeat":"repeat","background-position":"center center","background-size":"auto","background-attachment":"scroll","background-type":"","background-media":"","overlay-type":"","overlay-color":"","overlay-opacity":"","overlay-gradient":""},"mobile":{"background-color":"","background-image":"","background-repeat":"repeat","background-position":"center center","background-size":"auto","background-attachment":"scroll","background-type":"","background-media":"","overlay-type":"","overlay-color":"","overlay-opacity":"","overlay-gradient":""}},"ast-content-background-meta":{"desktop":{"background-color":"var(--ast-global-color-5)","background-image":"","background-repeat":"repeat","background-position":"center center","background-size":"auto","background-attachment":"scroll","background-type":"","background-media":"","overlay-type":"","overlay-color":"","overlay-opacity":"","overlay-gradient":""},"tablet":{"background-color":"var(--ast-global-color-5)","background-image":"","background-repeat":"repeat","background-position":"center center","background-size":"auto","background-attachment":"scroll","background-type":"","background-media":"","overlay-type":"","overlay-color":"","overlay-opacity":"","overlay-gradient":""},"mobile":{"background-color":"var(--ast-global-color-5)","background-image":"","background-repeat":"repeat","background-position":"center center","background-size":"auto","background-attachment":"scroll","background-type":"","background-media":"","overlay-type":"","overlay-color":"","overlay-opacity":"","overlay-gradient":""}},"footnotes":""},"class_list":["post-1124","page","type-page","status-publish","has-post-thumbnail","hentry"],"acf":[],"yoast_head":"<!-- This site is optimized with the Yoast SEO plugin v27.3 - https:\/\/yoast.com\/product\/yoast-seo-wordpress\/ -->\n<title>Co-conception - Millet Plastics Inc<\/title>\n<meta name=\"robots\" content=\"index, follow, max-snippet:-1, max-image-preview:large, max-video-preview:-1\" \/>\n<link rel=\"canonical\" href=\"https:\/\/milletplastics.us\/fr\/co-conception\/\" \/>\n<meta property=\"og:locale\" content=\"fr_FR\" \/>\n<meta property=\"og:type\" content=\"article\" \/>\n<meta property=\"og:title\" content=\"Co-conception - Millet Plastics Inc\" \/>\n<meta property=\"og:description\" content=\"L&rsquo;\u00e9quipe de Millet Plastics Group vous invite \u00e0 partager vos enjeux de conception. Nous valorisons la co-cr\u00e9ation pour toutes les probl\u00e9matiques li\u00e9es au design, \u00e0 la conception ou \u00e0 la modification d\u2019emballages alimentaires produits par extrusion soufflage. Notre \u00e9quipe de R&amp;D, bas\u00e9e au si\u00e8ge de la soci\u00e9t\u00e9 en France, est une extension efficace de votre [&hellip;]\" \/>\n<meta property=\"og:url\" content=\"https:\/\/milletplastics.us\/fr\/co-conception\/\" \/>\n<meta property=\"og:site_name\" content=\"Millet Plastics Inc\" \/>\n<meta property=\"article:modified_time\" content=\"2026-02-02T18:47:23+00:00\" \/>\n<meta property=\"og:image\" content=\"https:\/\/milletplastics.us\/wp-content\/uploads\/2018\/12\/AdobeStock_134349420.jpeg\" \/>\n\t<meta property=\"og:image:width\" content=\"6551\" \/>\n\t<meta property=\"og:image:height\" content=\"3912\" \/>\n\t<meta property=\"og:image:type\" content=\"image\/jpeg\" \/>\n<meta name=\"twitter:card\" content=\"summary_large_image\" \/>\n<meta name=\"twitter:label1\" content=\"Dur\u00e9e de lecture estim\u00e9e\" \/>\n\t<meta name=\"twitter:data1\" content=\"1 minute\" \/>\n<script type=\"application\/ld+json\" class=\"yoast-schema-graph\">{\"@context\":\"https:\\\/\\\/schema.org\",\"@graph\":[{\"@type\":\"WebPage\",\"@id\":\"https:\\\/\\\/milletplastics.us\\\/fr\\\/co-conception\\\/\",\"url\":\"https:\\\/\\\/milletplastics.us\\\/fr\\\/co-conception\\\/\",\"name\":\"Co-conception - Millet Plastics Inc\",\"isPartOf\":{\"@id\":\"https:\\\/\\\/milletplastics.us\\\/#website\"},\"primaryImageOfPage\":{\"@id\":\"https:\\\/\\\/milletplastics.us\\\/fr\\\/co-conception\\\/#primaryimage\"},\"image\":{\"@id\":\"https:\\\/\\\/milletplastics.us\\\/fr\\\/co-conception\\\/#primaryimage\"},\"thumbnailUrl\":\"https:\\\/\\\/milletplastics.us\\\/wp-content\\\/uploads\\\/2018\\\/12\\\/AdobeStock_134349420.jpeg\",\"datePublished\":\"2019-02-19T16:05:14+00:00\",\"dateModified\":\"2026-02-02T18:47:23+00:00\",\"breadcrumb\":{\"@id\":\"https:\\\/\\\/milletplastics.us\\\/fr\\\/co-conception\\\/#breadcrumb\"},\"inLanguage\":\"fr-FR\",\"potentialAction\":[{\"@type\":\"ReadAction\",\"target\":[\"https:\\\/\\\/milletplastics.us\\\/fr\\\/co-conception\\\/\"]}]},{\"@type\":\"ImageObject\",\"inLanguage\":\"fr-FR\",\"@id\":\"https:\\\/\\\/milletplastics.us\\\/fr\\\/co-conception\\\/#primaryimage\",\"url\":\"https:\\\/\\\/milletplastics.us\\\/wp-content\\\/uploads\\\/2018\\\/12\\\/AdobeStock_134349420.jpeg\",\"contentUrl\":\"https:\\\/\\\/milletplastics.us\\\/wp-content\\\/uploads\\\/2018\\\/12\\\/AdobeStock_134349420.jpeg\",\"width\":6551,\"height\":3912,\"caption\":\"Co-d\u00e9veloppement\"},{\"@type\":\"BreadcrumbList\",\"@id\":\"https:\\\/\\\/milletplastics.us\\\/fr\\\/co-conception\\\/#breadcrumb\",\"itemListElement\":[{\"@type\":\"ListItem\",\"position\":1,\"name\":\"Accueil\",\"item\":\"https:\\\/\\\/milletplastics.us\\\/fr\\\/\"},{\"@type\":\"ListItem\",\"position\":2,\"name\":\"Co-conception\"}]},{\"@type\":\"WebSite\",\"@id\":\"https:\\\/\\\/milletplastics.us\\\/#website\",\"url\":\"https:\\\/\\\/milletplastics.us\\\/\",\"name\":\"Millet Plastics Inc\",\"description\":\"Millet Plastics Inc\",\"potentialAction\":[{\"@type\":\"SearchAction\",\"target\":{\"@type\":\"EntryPoint\",\"urlTemplate\":\"https:\\\/\\\/milletplastics.us\\\/?s={search_term_string}\"},\"query-input\":{\"@type\":\"PropertyValueSpecification\",\"valueRequired\":true,\"valueName\":\"search_term_string\"}}],\"inLanguage\":\"fr-FR\"}]}<\/script>\n<!-- \/ Yoast SEO plugin. -->","yoast_head_json":{"title":"Co-conception - Millet Plastics Inc","robots":{"index":"index","follow":"follow","max-snippet":"max-snippet:-1","max-image-preview":"max-image-preview:large","max-video-preview":"max-video-preview:-1"},"canonical":"https:\/\/milletplastics.us\/fr\/co-conception\/","og_locale":"fr_FR","og_type":"article","og_title":"Co-conception - Millet Plastics Inc","og_description":"L&rsquo;\u00e9quipe de Millet Plastics Group vous invite \u00e0 partager vos enjeux de conception. Nous valorisons la co-cr\u00e9ation pour toutes les probl\u00e9matiques li\u00e9es au design, \u00e0 la conception ou \u00e0 la modification d\u2019emballages alimentaires produits par extrusion soufflage. Notre \u00e9quipe de R&amp;D, bas\u00e9e au si\u00e8ge de la soci\u00e9t\u00e9 en France, est une extension efficace de votre [&hellip;]","og_url":"https:\/\/milletplastics.us\/fr\/co-conception\/","og_site_name":"Millet Plastics Inc","article_modified_time":"2026-02-02T18:47:23+00:00","og_image":[{"width":6551,"height":3912,"url":"https:\/\/milletplastics.us\/wp-content\/uploads\/2018\/12\/AdobeStock_134349420.jpeg","type":"image\/jpeg"}],"twitter_card":"summary_large_image","twitter_misc":{"Dur\u00e9e de lecture estim\u00e9e":"1 minute"},"schema":{"@context":"https:\/\/schema.org","@graph":[{"@type":"WebPage","@id":"https:\/\/milletplastics.us\/fr\/co-conception\/","url":"https:\/\/milletplastics.us\/fr\/co-conception\/","name":"Co-conception - Millet Plastics Inc","isPartOf":{"@id":"https:\/\/milletplastics.us\/#website"},"primaryImageOfPage":{"@id":"https:\/\/milletplastics.us\/fr\/co-conception\/#primaryimage"},"image":{"@id":"https:\/\/milletplastics.us\/fr\/co-conception\/#primaryimage"},"thumbnailUrl":"https:\/\/milletplastics.us\/wp-content\/uploads\/2018\/12\/AdobeStock_134349420.jpeg","datePublished":"2019-02-19T16:05:14+00:00","dateModified":"2026-02-02T18:47:23+00:00","breadcrumb":{"@id":"https:\/\/milletplastics.us\/fr\/co-conception\/#breadcrumb"},"inLanguage":"fr-FR","potentialAction":[{"@type":"ReadAction","target":["https:\/\/milletplastics.us\/fr\/co-conception\/"]}]},{"@type":"ImageObject","inLanguage":"fr-FR","@id":"https:\/\/milletplastics.us\/fr\/co-conception\/#primaryimage","url":"https:\/\/milletplastics.us\/wp-content\/uploads\/2018\/12\/AdobeStock_134349420.jpeg","contentUrl":"https:\/\/milletplastics.us\/wp-content\/uploads\/2018\/12\/AdobeStock_134349420.jpeg","width":6551,"height":3912,"caption":"Co-d\u00e9veloppement"},{"@type":"BreadcrumbList","@id":"https:\/\/milletplastics.us\/fr\/co-conception\/#breadcrumb","itemListElement":[{"@type":"ListItem","position":1,"name":"Accueil","item":"https:\/\/milletplastics.us\/fr\/"},{"@type":"ListItem","position":2,"name":"Co-conception"}]},{"@type":"WebSite","@id":"https:\/\/milletplastics.us\/#website","url":"https:\/\/milletplastics.us\/","name":"Millet Plastics Inc","description":"Millet Plastics Inc","potentialAction":[{"@type":"SearchAction","target":{"@type":"EntryPoint","urlTemplate":"https:\/\/milletplastics.us\/?s={search_term_string}"},"query-input":{"@type":"PropertyValueSpecification","valueRequired":true,"valueName":"search_term_string"}}],"inLanguage":"fr-FR"}]}},"_links":{"self":[{"href":"https:\/\/milletplastics.us\/fr\/wp-json\/wp\/v2\/pages\/1124","targetHints":{"allow":["GET"]}}],"collection":[{"href":"https:\/\/milletplastics.us\/fr\/wp-json\/wp\/v2\/pages"}],"about":[{"href":"https:\/\/milletplastics.us\/fr\/wp-json\/wp\/v2\/types\/page"}],"author":[{"embeddable":true,"href":"https:\/\/milletplastics.us\/fr\/wp-json\/wp\/v2\/users\/5"}],"replies":[{"embeddable":true,"href":"https:\/\/milletplastics.us\/fr\/wp-json\/wp\/v2\/comments?post=1124"}],"version-history":[{"count":1,"href":"https:\/\/milletplastics.us\/fr\/wp-json\/wp\/v2\/pages\/1124\/revisions"}],"predecessor-version":[{"id":7186,"href":"https:\/\/milletplastics.us\/fr\/wp-json\/wp\/v2\/pages\/1124\/revisions\/7186"}],"wp:featuredmedia":[{"embeddable":true,"href":"https:\/\/milletplastics.us\/fr\/wp-json\/wp\/v2\/media\/780"}],"wp:attachment":[{"href":"https:\/\/milletplastics.us\/fr\/wp-json\/wp\/v2\/media?parent=1124"}],"curies":[{"name":"wp","href":"https:\/\/api.w.org\/{rel}","templated":true}]}}