{"id":1040,"date":"2019-01-25T16:14:25","date_gmt":"2019-01-25T16:14:25","guid":{"rendered":"https:\/\/milletplastics.us\/?page_id=1040"},"modified":"2026-02-02T14:47:24","modified_gmt":"2026-02-02T18:47:24","slug":"satisfaction-client","status":"publish","type":"page","link":"https:\/\/milletplastics.us\/fr\/satisfaction-client\/","title":{"rendered":"D\u00e9termin\u00e9e et engag\u00e9e"},"content":{"rendered":"<div>\n<ul>\n<li><strong>Vos exigences augmentent?\u00a0<\/strong>Millet s\u2019engage \u00e0 \u00eatre une r\u00e9f\u00e9rence efficace pour vos \u00e9quipes.<\/li>\n<li><strong>Votre temps est pr\u00e9cieux;<\/strong>\u00a0Millet s\u2019engage \u00e0 \u00eatre proactif.Vos produits sont uniques. Voil\u00e0 pourquoiMillet s\u2019engage \u00e0 concevoir des solutions innovantes et efficaces.<\/li>\n<li><strong>Vos produits vivent.<\/strong>\u00a0Millet s\u2019engage \u00e0 vous accompagner tout au long de leur cycle de vie.<\/li>\n<li><strong>Vos march\u00e9s se mondialisent; <\/strong>Millet s\u2019engage \u00e0 vous proposer des solutions comp\u00e9titives.<\/li>\n<li><strong>Vos besoins \u00e9voluent;<\/strong> Millet s\u2019engage \u00e0 d\u00e9velopper et \u00e0 former les ressources n\u00e9cessaires.<\/li>\n<\/ul>\n<section><\/section>\n<section><strong>Millet se distingue par son engagement, son empreinte en la mati\u00e8re !\u00a0Rejoignez-nous !<\/strong><\/section>\n<\/div>\n","protected":false},"excerpt":{"rendered":"<p>Vos exigences augmentent?\u00a0Millet s\u2019engage \u00e0 \u00eatre une r\u00e9f\u00e9rence efficace pour vos \u00e9quipes. Votre temps est pr\u00e9cieux;\u00a0Millet s\u2019engage \u00e0 \u00eatre proactif.Vos produits sont uniques. Voil\u00e0 pourquoiMillet s\u2019engage \u00e0 concevoir des solutions innovantes et efficaces. Vos produits vivent.\u00a0Millet s\u2019engage \u00e0 vous accompagner tout au long de leur cycle de vie. Vos march\u00e9s se mondialisent; Millet s\u2019engage \u00e0 [&hellip;]<\/p>\n","protected":false},"author":5,"featured_media":1048,"parent":0,"menu_order":0,"comment_status":"closed","ping_status":"closed","template":"","meta":{"_acf_changed":false,"site-sidebar-layout":"default","site-content-layout":"","ast-site-content-layout":"default","site-content-style":"default","site-sidebar-style":"default","ast-global-header-display":"","ast-banner-title-visibility":"","ast-main-header-display":"","ast-hfb-above-header-display":"","ast-hfb-below-header-display":"","ast-hfb-mobile-header-display":"","site-post-title":"","ast-breadcrumbs-content":"","ast-featured-img":"","footer-sml-layout":"","ast-disable-related-posts":"","theme-transparent-header-meta":"","adv-header-id-meta":"","stick-header-meta":"","header-above-stick-meta":"","header-main-stick-meta":"","header-below-stick-meta":"","astra-migrate-meta-layouts":"default","ast-page-background-enabled":"default","ast-page-background-meta":{"desktop":{"background-color":"var(--ast-global-color-4)","background-image":"","background-repeat":"repeat","background-position":"center center","background-size":"auto","background-attachment":"scroll","background-type":"","background-media":"","overlay-type":"","overlay-color":"","overlay-opacity":"","overlay-gradient":""},"tablet":{"background-color":"","background-image":"","background-repeat":"repeat","background-position":"center center","background-size":"auto","background-attachment":"scroll","background-type":"","background-media":"","overlay-type":"","overlay-color":"","overlay-opacity":"","overlay-gradient":""},"mobile":{"background-color":"","background-image":"","background-repeat":"repeat","background-position":"center center","background-size":"auto","background-attachment":"scroll","background-type":"","background-media":"","overlay-type":"","overlay-color":"","overlay-opacity":"","overlay-gradient":""}},"ast-content-background-meta":{"desktop":{"background-color":"var(--ast-global-color-5)","background-image":"","background-repeat":"repeat","background-position":"center center","background-size":"auto","background-attachment":"scroll","background-type":"","background-media":"","overlay-type":"","overlay-color":"","overlay-opacity":"","overlay-gradient":""},"tablet":{"background-color":"var(--ast-global-color-5)","background-image":"","background-repeat":"repeat","background-position":"center center","background-size":"auto","background-attachment":"scroll","background-type":"","background-media":"","overlay-type":"","overlay-color":"","overlay-opacity":"","overlay-gradient":""},"mobile":{"background-color":"var(--ast-global-color-5)","background-image":"","background-repeat":"repeat","background-position":"center center","background-size":"auto","background-attachment":"scroll","background-type":"","background-media":"","overlay-type":"","overlay-color":"","overlay-opacity":"","overlay-gradient":""}},"footnotes":""},"class_list":["post-1040","page","type-page","status-publish","has-post-thumbnail","hentry"],"acf":[],"yoast_head":"<!-- This site is optimized with the Yoast SEO plugin v27.4 - https:\/\/yoast.com\/product\/yoast-seo-wordpress\/ -->\n<title>D\u00e9termin\u00e9e et engag\u00e9e - Millet Plastics Inc<\/title>\n<meta name=\"robots\" content=\"index, follow, max-snippet:-1, max-image-preview:large, max-video-preview:-1\" \/>\n<link rel=\"canonical\" href=\"https:\/\/milletplastics.us\/fr\/satisfaction-client\/\" \/>\n<meta property=\"og:locale\" content=\"fr_FR\" \/>\n<meta property=\"og:type\" content=\"article\" \/>\n<meta property=\"og:title\" content=\"D\u00e9termin\u00e9e et engag\u00e9e - Millet Plastics Inc\" \/>\n<meta property=\"og:description\" content=\"Vos exigences augmentent?\u00a0Millet s\u2019engage \u00e0 \u00eatre une r\u00e9f\u00e9rence efficace pour vos \u00e9quipes. Votre temps est pr\u00e9cieux;\u00a0Millet s\u2019engage \u00e0 \u00eatre proactif.Vos produits sont uniques. Voil\u00e0 pourquoiMillet s\u2019engage \u00e0 concevoir des solutions innovantes et efficaces. Vos produits vivent.\u00a0Millet s\u2019engage \u00e0 vous accompagner tout au long de leur cycle de vie. Vos march\u00e9s se mondialisent; Millet s\u2019engage \u00e0 [&hellip;]\" \/>\n<meta property=\"og:url\" content=\"https:\/\/milletplastics.us\/fr\/satisfaction-client\/\" \/>\n<meta property=\"og:site_name\" content=\"Millet Plastics Inc\" \/>\n<meta property=\"article:modified_time\" content=\"2026-02-02T18:47:24+00:00\" \/>\n<meta property=\"og:image\" content=\"https:\/\/milletplastics.us\/wp-content\/uploads\/2019\/01\/AdobeStock_117625482-e1548435561192-1.jpeg\" \/>\n\t<meta property=\"og:image:width\" content=\"3538\" \/>\n\t<meta property=\"og:image:height\" content=\"1963\" \/>\n\t<meta property=\"og:image:type\" content=\"image\/jpeg\" \/>\n<meta name=\"twitter:card\" content=\"summary_large_image\" \/>\n<script type=\"application\/ld+json\" class=\"yoast-schema-graph\">{\"@context\":\"https:\\\/\\\/schema.org\",\"@graph\":[{\"@type\":\"WebPage\",\"@id\":\"https:\\\/\\\/milletplastics.us\\\/fr\\\/satisfaction-client\\\/\",\"url\":\"https:\\\/\\\/milletplastics.us\\\/fr\\\/satisfaction-client\\\/\",\"name\":\"D\u00e9termin\u00e9e et engag\u00e9e - Millet Plastics Inc\",\"isPartOf\":{\"@id\":\"https:\\\/\\\/milletplastics.us\\\/#website\"},\"primaryImageOfPage\":{\"@id\":\"https:\\\/\\\/milletplastics.us\\\/fr\\\/satisfaction-client\\\/#primaryimage\"},\"image\":{\"@id\":\"https:\\\/\\\/milletplastics.us\\\/fr\\\/satisfaction-client\\\/#primaryimage\"},\"thumbnailUrl\":\"https:\\\/\\\/milletplastics.us\\\/wp-content\\\/uploads\\\/2019\\\/01\\\/AdobeStock_117625482-e1548435561192-1.jpeg\",\"datePublished\":\"2019-01-25T16:14:25+00:00\",\"dateModified\":\"2026-02-02T18:47:24+00:00\",\"breadcrumb\":{\"@id\":\"https:\\\/\\\/milletplastics.us\\\/fr\\\/satisfaction-client\\\/#breadcrumb\"},\"inLanguage\":\"fr-FR\",\"potentialAction\":[{\"@type\":\"ReadAction\",\"target\":[\"https:\\\/\\\/milletplastics.us\\\/fr\\\/satisfaction-client\\\/\"]}]},{\"@type\":\"ImageObject\",\"inLanguage\":\"fr-FR\",\"@id\":\"https:\\\/\\\/milletplastics.us\\\/fr\\\/satisfaction-client\\\/#primaryimage\",\"url\":\"https:\\\/\\\/milletplastics.us\\\/wp-content\\\/uploads\\\/2019\\\/01\\\/AdobeStock_117625482-e1548435561192-1.jpeg\",\"contentUrl\":\"https:\\\/\\\/milletplastics.us\\\/wp-content\\\/uploads\\\/2019\\\/01\\\/AdobeStock_117625482-e1548435561192-1.jpeg\",\"width\":3538,\"height\":1963,\"caption\":\"Satisfaction client\"},{\"@type\":\"BreadcrumbList\",\"@id\":\"https:\\\/\\\/milletplastics.us\\\/fr\\\/satisfaction-client\\\/#breadcrumb\",\"itemListElement\":[{\"@type\":\"ListItem\",\"position\":1,\"name\":\"Accueil\",\"item\":\"https:\\\/\\\/milletplastics.us\\\/fr\\\/\"},{\"@type\":\"ListItem\",\"position\":2,\"name\":\"D\u00e9termin\u00e9e et engag\u00e9e\"}]},{\"@type\":\"WebSite\",\"@id\":\"https:\\\/\\\/milletplastics.us\\\/#website\",\"url\":\"https:\\\/\\\/milletplastics.us\\\/\",\"name\":\"Millet Plastics Inc\",\"description\":\"Millet Plastics Inc\",\"potentialAction\":[{\"@type\":\"SearchAction\",\"target\":{\"@type\":\"EntryPoint\",\"urlTemplate\":\"https:\\\/\\\/milletplastics.us\\\/?s={search_term_string}\"},\"query-input\":{\"@type\":\"PropertyValueSpecification\",\"valueRequired\":true,\"valueName\":\"search_term_string\"}}],\"inLanguage\":\"fr-FR\"}]}<\/script>\n<!-- \/ Yoast SEO plugin. -->","yoast_head_json":{"title":"D\u00e9termin\u00e9e et engag\u00e9e - Millet Plastics Inc","robots":{"index":"index","follow":"follow","max-snippet":"max-snippet:-1","max-image-preview":"max-image-preview:large","max-video-preview":"max-video-preview:-1"},"canonical":"https:\/\/milletplastics.us\/fr\/satisfaction-client\/","og_locale":"fr_FR","og_type":"article","og_title":"D\u00e9termin\u00e9e et engag\u00e9e - Millet Plastics Inc","og_description":"Vos exigences augmentent?\u00a0Millet s\u2019engage \u00e0 \u00eatre une r\u00e9f\u00e9rence efficace pour vos \u00e9quipes. Votre temps est pr\u00e9cieux;\u00a0Millet s\u2019engage \u00e0 \u00eatre proactif.Vos produits sont uniques. Voil\u00e0 pourquoiMillet s\u2019engage \u00e0 concevoir des solutions innovantes et efficaces. Vos produits vivent.\u00a0Millet s\u2019engage \u00e0 vous accompagner tout au long de leur cycle de vie. Vos march\u00e9s se mondialisent; Millet s\u2019engage \u00e0 [&hellip;]","og_url":"https:\/\/milletplastics.us\/fr\/satisfaction-client\/","og_site_name":"Millet Plastics Inc","article_modified_time":"2026-02-02T18:47:24+00:00","og_image":[{"width":3538,"height":1963,"url":"https:\/\/milletplastics.us\/wp-content\/uploads\/2019\/01\/AdobeStock_117625482-e1548435561192-1.jpeg","type":"image\/jpeg"}],"twitter_card":"summary_large_image","schema":{"@context":"https:\/\/schema.org","@graph":[{"@type":"WebPage","@id":"https:\/\/milletplastics.us\/fr\/satisfaction-client\/","url":"https:\/\/milletplastics.us\/fr\/satisfaction-client\/","name":"D\u00e9termin\u00e9e et engag\u00e9e - Millet Plastics Inc","isPartOf":{"@id":"https:\/\/milletplastics.us\/#website"},"primaryImageOfPage":{"@id":"https:\/\/milletplastics.us\/fr\/satisfaction-client\/#primaryimage"},"image":{"@id":"https:\/\/milletplastics.us\/fr\/satisfaction-client\/#primaryimage"},"thumbnailUrl":"https:\/\/milletplastics.us\/wp-content\/uploads\/2019\/01\/AdobeStock_117625482-e1548435561192-1.jpeg","datePublished":"2019-01-25T16:14:25+00:00","dateModified":"2026-02-02T18:47:24+00:00","breadcrumb":{"@id":"https:\/\/milletplastics.us\/fr\/satisfaction-client\/#breadcrumb"},"inLanguage":"fr-FR","potentialAction":[{"@type":"ReadAction","target":["https:\/\/milletplastics.us\/fr\/satisfaction-client\/"]}]},{"@type":"ImageObject","inLanguage":"fr-FR","@id":"https:\/\/milletplastics.us\/fr\/satisfaction-client\/#primaryimage","url":"https:\/\/milletplastics.us\/wp-content\/uploads\/2019\/01\/AdobeStock_117625482-e1548435561192-1.jpeg","contentUrl":"https:\/\/milletplastics.us\/wp-content\/uploads\/2019\/01\/AdobeStock_117625482-e1548435561192-1.jpeg","width":3538,"height":1963,"caption":"Satisfaction client"},{"@type":"BreadcrumbList","@id":"https:\/\/milletplastics.us\/fr\/satisfaction-client\/#breadcrumb","itemListElement":[{"@type":"ListItem","position":1,"name":"Accueil","item":"https:\/\/milletplastics.us\/fr\/"},{"@type":"ListItem","position":2,"name":"D\u00e9termin\u00e9e et engag\u00e9e"}]},{"@type":"WebSite","@id":"https:\/\/milletplastics.us\/#website","url":"https:\/\/milletplastics.us\/","name":"Millet Plastics Inc","description":"Millet Plastics Inc","potentialAction":[{"@type":"SearchAction","target":{"@type":"EntryPoint","urlTemplate":"https:\/\/milletplastics.us\/?s={search_term_string}"},"query-input":{"@type":"PropertyValueSpecification","valueRequired":true,"valueName":"search_term_string"}}],"inLanguage":"fr-FR"}]}},"_links":{"self":[{"href":"https:\/\/milletplastics.us\/fr\/wp-json\/wp\/v2\/pages\/1040","targetHints":{"allow":["GET"]}}],"collection":[{"href":"https:\/\/milletplastics.us\/fr\/wp-json\/wp\/v2\/pages"}],"about":[{"href":"https:\/\/milletplastics.us\/fr\/wp-json\/wp\/v2\/types\/page"}],"author":[{"embeddable":true,"href":"https:\/\/milletplastics.us\/fr\/wp-json\/wp\/v2\/users\/5"}],"replies":[{"embeddable":true,"href":"https:\/\/milletplastics.us\/fr\/wp-json\/wp\/v2\/comments?post=1040"}],"version-history":[{"count":1,"href":"https:\/\/milletplastics.us\/fr\/wp-json\/wp\/v2\/pages\/1040\/revisions"}],"predecessor-version":[{"id":7189,"href":"https:\/\/milletplastics.us\/fr\/wp-json\/wp\/v2\/pages\/1040\/revisions\/7189"}],"wp:featuredmedia":[{"embeddable":true,"href":"https:\/\/milletplastics.us\/fr\/wp-json\/wp\/v2\/media\/1048"}],"wp:attachment":[{"href":"https:\/\/milletplastics.us\/fr\/wp-json\/wp\/v2\/media?parent=1040"}],"curies":[{"name":"wp","href":"https:\/\/api.w.org\/{rel}","templated":true}]}}